{"id":718,"date":"2022-05-17T14:25:35","date_gmt":"2022-05-17T14:25:35","guid":{"rendered":"https:\/\/grupoterrademar.com\/?page_id=718"},"modified":"2023-01-19T14:22:40","modified_gmt":"2023-01-19T14:22:40","slug":"cookiebeleid","status":"publish","type":"page","link":"https:\/\/grupoterrademar.com\/nl\/cookiebeleid\/","title":{"rendered":"Cookiebeleid"},"content":{"rendered":"<div data-elementor-type=\"wp-post\" data-elementor-id=\"718\" class=\"elementor elementor-718\" data-elementor-post-type=\"page\">\n\t\t\t\t\t\t<section class=\"elementor-section elementor-top-section elementor-element elementor-element-02edb0c elementor-section-boxed elementor-section-height-default elementor-section-height-default\" data-id=\"02edb0c\" data-element_type=\"section\" data-e-type=\"section\" data-settings=\"{&quot;background_background&quot;:&quot;classic&quot;}\">\n\t\t\t\t\t\t<div class=\"elementor-container elementor-column-gap-wider\">\n\t\t\t\t\t<div class=\"elementor-column elementor-col-100 elementor-top-column elementor-element elementor-element-ea395ff\" data-id=\"ea395ff\" data-element_type=\"column\" data-e-type=\"column\" data-settings=\"{&quot;background_background&quot;:&quot;classic&quot;}\">\n\t\t\t<div class=\"elementor-widget-wrap elementor-element-populated\">\n\t\t\t\t\t\t<section class=\"elementor-section elementor-inner-section elementor-element elementor-element-b9006aa elementor-section-boxed elementor-section-height-default elementor-section-height-default\" data-id=\"b9006aa\" data-element_type=\"section\" data-e-type=\"section\">\n\t\t\t\t\t\t<div class=\"elementor-container elementor-column-gap-default\">\n\t\t\t\t\t<div class=\"elementor-column elementor-col-100 elementor-inner-column elementor-element elementor-element-d1c16d0\" data-id=\"d1c16d0\" data-element_type=\"column\" data-e-type=\"column\">\n\t\t\t<div class=\"elementor-widget-wrap elementor-element-populated\">\n\t\t\t\t\t\t<div class=\"elementor-element elementor-element-049aa2d elementor-widget elementor-widget-heading\" data-id=\"049aa2d\" data-element_type=\"widget\" data-e-type=\"widget\" data-widget_type=\"heading.default\">\n\t\t\t\t<div class=\"elementor-widget-container\">\n\t\t\t\t\t<h1 class=\"elementor-heading-title elementor-size-default\">COOKIEBELEID<\/h1>\t\t\t\t<\/div>\n\t\t\t\t<\/div>\n\t\t\t\t<div class=\"elementor-element elementor-element-9e36763 elementor-widget elementor-widget-text-editor\" data-id=\"9e36763\" data-element_type=\"widget\" data-e-type=\"widget\" data-widget_type=\"text-editor.default\">\n\t\t\t\t<div class=\"elementor-widget-container\">\n\t\t\t\t\t\t\t\t\t<p><span style=\"font-weight: 400;\">Naar aanleiding van een audit voor informatie over de cookies die op deze website worden gebruikt, informeren we je hierbij:<\/span><\/p><p><span style=\"font-weight: 400;\">De LSSI-CE verplicht iedereen die een blog of website heeft om de gebruiker te waarschuwen voor het bestaan van cookies, hen hierover te informeren en toestemming te vragen om ze te downloaden.<\/span><\/p><p><span style=\"font-weight: 400;\">Artikel 22.2 van Wet 34\/2002 bepaalt het volgende. \"Dienstverleners mogen opslag- en opvraagapparatuur voor gegevens gebruiken op de eindapparatuur van de ontvangers, op voorwaarde dat de ontvangers hun toestemming hebben gegeven na duidelijke en volledige informatie te hebben ontvangen over het gebruik ervan, met name over de doeleinden van de gegevensverwerking, in overeenstemming met de bepalingen van de organieke wet 15\/1999 van 13 december over de bescherming van persoonsgegevens\".<\/span><\/p><p><span style=\"font-weight: 400;\">Als verantwoordelijke voor deze website en in overeenstemming met het eerder genoemde artikel over cookies en rekening houdend met de manier waarop internet en websites werken, is het niet altijd mogelijk om actuele informatie te hebben over de cookies die derden via deze website kunnen gebruiken.<\/span><\/p><p><span style=\"font-weight: 400;\">Dit geldt met name voor gevallen waarin deze website ge\u00efntegreerde elementen bevat: d.w.z. teksten, documenten, afbeeldingen of korte films die elders zijn opgeslagen, maar op onze website worden weergegeven.<\/span><\/p><p><span style=\"font-weight: 400;\">Als u dergelijke cookies tegenkomt op deze website en ze worden hieronder niet vermeld, laat het ons dan weten. U kunt ook rechtstreeks contact opnemen met de derde partij om informatie op te vragen over de cookies die zij plaatst, het doel en de duur van de cookie en hoe zij uw privacy heeft gewaarborgd.<\/span><\/p><p><strong>Wat zijn cookies?<\/strong><\/p><p><span style=\"font-weight: 400;\">Cookies zijn een hulpmiddel dat door webservers wordt gebruikt om informatie over hun bezoekers op te slaan en op te halen. Het is niets meer dan een tekstbestand dat sommige servers aan onze browser vragen om naar onze harde schijf te schrijven, met informatie over wat we op hun pagina's hebben gedaan. Ze hebben een vervaldatum, die kan vari\u00ebren van de duur van de sessie tot een bepaalde datum in de toekomst, waarna ze niet langer operationeel zijn.<\/span><\/p><p>\u00a0<\/p><ol><li><strong> Cookies gebruikt door deze website<\/strong><\/li><\/ol><p><span style=\"font-weight: 400;\">Deze website maakt gebruik van eigen cookies en cookies van derden om u een betere browse-ervaring te bieden, om inhoud te delen op sociale netwerken, om u advertenties te tonen op basis van uw interesses en om gebruikersstatistieken te verkrijgen.<\/span><\/p><p><span style=\"font-weight: 400;\">De cookies die worden gebruikt in <\/span><a href=\"https:\/\/grupoterrademar.com\/nl\"><span style=\"font-weight: 400;\">https:\/\/grupoterrademar.com\/<\/span><\/a><span style=\"font-weight: 400;\"> worden alleen in verband gebracht met een anonieme Gebruiker en zijn of haar computer, geven geen referenties waaruit de naam en achternaam van de Gebruiker kunnen worden afgeleid en kunnen geen gegevens van de harde schijf van de Gebruiker lezen of virussen in hun teksten opnemen. Ook kan https:\/\/grupoterrademar.com\/ geen cookies lezen die vanaf andere servers op de harde schijf van de Gebruiker zijn geplaatst.<\/span><\/p><p><span style=\"font-weight: 400;\">Het staat u vrij om te beslissen of u de cookies die worden gebruikt op https:\/\/grupoterrademar.com\/ al dan niet op uw harde schijf wilt plaatsen. In dit verband kunnen gebruikers hun browser configureren om standaard alle cookies te accepteren of te weigeren of om een waarschuwing op het scherm te ontvangen over de ontvangst van elke cookie en te beslissen of ze op dat moment al dan niet op hun harde schijf worden geplaatst. Om dit te doen, raden we u aan de helpsectie van uw browser te raadplegen om te weten te komen hoe u de momenteel gebruikte configuratie kunt wijzigen.<\/span><\/p><p><span style=\"font-weight: 400;\">Zelfs als u uw browser zodanig configureert dat alle cookies worden geweigerd of cookies van https:\/\/grupoterrademar.com\/ uitdrukkelijk worden geweigerd, kunt u op de Portal surfen met als enige nadeel dat u niet kunt genieten van de functionaliteiten van de Portal waarvoor de installatie van cookies vereist is. In elk geval kunt u de cookies die op uw harde schijf zijn ge\u00efmplanteerd op elk gewenst moment verwijderen door de procedure te volgen die is vastgelegd in de helpsectie van uw browser.<\/span><\/p><p><span style=\"font-weight: 400;\">Als gebruiker kunt u de verwerking van gegevens of informatie weigeren door deze cookies te blokkeren met behulp van de juiste instellingen van uw browser. U dient zich er echter van bewust te zijn dat deze site in dat geval mogelijk niet naar behoren functioneert.<\/span><\/p><p><span style=\"font-weight: 400;\">Cookies op deze website helpen ons om:<\/span><\/p><ul><li style=\"font-weight: 400;\" aria-level=\"1\"><span style=\"font-weight: 400;\">Deze website goed laten werken<\/span><\/li><li style=\"font-weight: 400;\" aria-level=\"1\"><span style=\"font-weight: 400;\">Herinner hen aan uw instellingen tijdens en tussen bezoeken<\/span><\/li><li style=\"font-weight: 400;\" aria-level=\"1\"><span style=\"font-weight: 400;\">Video's bekijken<\/span><\/li><li style=\"font-weight: 400;\" aria-level=\"1\"><span style=\"font-weight: 400;\">De snelheid \/ veiligheid van de site verbeteren<\/span><\/li><li style=\"font-weight: 400;\" aria-level=\"1\"><span style=\"font-weight: 400;\">Kan pagina's delen met sociale netwerken<\/span><\/li><li style=\"font-weight: 400;\" aria-level=\"1\"><span style=\"font-weight: 400;\">Voortdurende verbetering van deze website<\/span><\/li><li style=\"font-weight: 400;\" aria-level=\"1\"><span style=\"font-weight: 400;\">Je advertenties tonen op basis van je surfgedrag<\/span><\/li><\/ul><p>\u00a0<\/p><p><span style=\"font-weight: 400;\">We zullen cookies nooit gebruiken om:<\/span><\/p><ul><li style=\"font-weight: 400;\" aria-level=\"1\"><span style=\"font-weight: 400;\">Verzamelen van persoonlijk identificeerbare informatie (zonder uw uitdrukkelijke toestemming)<\/span><\/li><li style=\"font-weight: 400;\" aria-level=\"1\"><span style=\"font-weight: 400;\">Gevoelige informatie verzamelen (zonder je uitdrukkelijke toestemming)<\/span><\/li><li style=\"font-weight: 400;\" aria-level=\"1\"><span style=\"font-weight: 400;\">Persoonlijke gegevens delen met derden<\/span><\/li><\/ul><p>\u00a0<\/p><ol start=\"2\"><li><strong> Cookies van derden die we op deze website gebruiken en waarvan u op de hoogte moet zijn<\/strong><\/li><\/ol><p><span style=\"font-weight: 400;\">Deze website bevat, zoals de meeste sites, functionaliteit die door derden wordt geleverd.<\/span><\/p><p><span style=\"font-weight: 400;\">Nieuwe ontwerpen of services van derden worden ook regelmatig getest op aanbevelingen en rapporten.<\/span><\/p><p><span style=\"font-weight: 400;\">Hierdoor kan de configuratie van cookies af en toe veranderen en kunnen er cookies verschijnen die niet in dit beleid worden beschreven. Het is belangrijk voor u om te weten dat dit tijdelijke cookies zijn waarover het niet altijd mogelijk is om u te informeren en die alleen worden gebruikt voor onderzoeks- en evaluatiedoeleinden. In geen geval zullen cookies worden gebruikt die uw privacy in gevaar brengen.<\/span><\/p><p><span style=\"font-weight: 400;\">Tot de meest stabiele cookies van derden behoren:<\/span><\/p><p><span style=\"font-weight: 400;\">Deze worden met name gegenereerd door analytische diensten, <\/span><i><span style=\"font-weight: 400;\">Google Analytics<\/span><\/i><span style=\"font-weight: 400;\"> om de website te helpen het gebruik van de gebruikers van de website te analyseren en de bruikbaarheid ervan te verbeteren, maar ze worden in geen geval gekoppeld aan gegevens waarmee de gebruiker kan worden ge\u00efdentificeerd.<\/span><\/p><p><span style=\"font-weight: 400;\">Google Analytics is een webanalysedienst van Google, Inc., een bedrijf uit Delaware met hoofdkantoor te 1600 Amphitheatre Parkway, Mountain View (Californi\u00eb), CA 94043, Verenigde Staten (\"Google\").<\/span><\/p><p><span style=\"font-weight: 400;\">De gebruiker kan hier het type cookies raadplegen dat door Google wordt gebruikt. Google+ en Google Maps cookies, zoals uiteengezet op hun pagina over het soort cookies dat ze gebruiken.<\/span><\/p><p><i><span style=\"font-weight: 400;\">WordPress<\/span><\/i><span style=\"font-weight: 400;\">https:\/\/grupoterrademar.com\/ is een gebruiker van het WordPress-platform voor het leveren en hosten van blogs, eigendom van het Amerikaanse bedrijf Automattic, Inc. Voor dit doel kan het gebruik van dergelijke cookies door systemen die nooit onder de controle of het beheer van de websitebeheerder vallen, hun functie op elk moment wijzigen en kunnen er nieuwe cookies worden ge\u00efntroduceerd.<\/span><\/p><p><span style=\"font-weight: 400;\">Deze cookies hebben geen enkel nut voor de eigenaar van deze website. Automattic, Inc. gebruikt ook andere cookies om bezoekers van de WordPress sites, hun gebruik van de Automattic website en hun toegangsvoorkeuren te helpen identificeren en volgen, zoals beschreven in het gedeelte \"Cookies\" van het privacybeleid.<\/span><\/p><p><i><span style=\"font-weight: 400;\">Cookies voor sociale media<\/span><\/i><span style=\"font-weight: 400;\">Cookies voor sociale media kunnen in uw browser worden opgeslagen terwijl u op https:\/\/grupoterrademar.com\/ surft, bijvoorbeeld wanneer u de deelknop op https:\/\/grupoterrademar.com\/ gebruikt op een sociaal netwerk.<\/span><\/p><p><span style=\"font-weight: 400;\">De bedrijven die deze cookies genereren voor de sociale netwerken die door deze website worden gebruikt, hebben hun eigen cookiebeleid:<\/span><\/p><p><span style=\"font-weight: 400;\">Facebook en Instagram: https:\/\/www.facebook.com\/help\/323540651073243\/<\/span><\/p><p><span style=\"font-weight: 400;\">De gevolgen voor de privacy zijn afhankelijk van elk sociaal netwerk en van de privacy-instellingen die u in deze netwerken hebt gekozen. In geen geval kunnen de beheerder van deze website of de adverteerders persoonlijk identificeerbare informatie uit deze cookies halen.<\/span><\/p><p>\u00a0<\/p><ol start=\"3\"><li><strong> Hoe kan ik deze cookies beheren en uitschakelen?<\/strong><\/li><\/ol><p><span style=\"font-weight: 400;\">Als u niet wilt dat de website cookies op uw computer plaatst, kunt u uw browser zo instellen dat u een melding krijgt voordat er cookies worden gedownload.<\/span><\/p><p><span style=\"font-weight: 400;\">U kunt ook uw browserinstellingen wijzigen zodat alle cookies of alleen cookies van derden worden geweigerd. U kunt ook alle cookies verwijderen die al op uw computer staan. Houd er rekening mee dat u de instellingen van elke browser en elk apparaat dat u gebruikt afzonderlijk moet aanpassen.<\/span><\/p><p><span style=\"font-weight: 400;\">https:\/\/grupoterrademar.com\/ stelt gebruikers die de installatie van de bovengenoemde cookies willen voorkomen, links ter beschikking die voor dit doel worden aangeboden door browsers waarvan het gebruik als het meest wijdverbreid wordt beschouwd:<\/span><\/p><p><a href=\"http:\/\/support.google.com\/chrome\/bin\/answer.py?hl=es-419&amp;answer=95647\" target=\"_blank\" rel=\"noopener\"><span style=\"font-weight: 400;\">Google Chrome<\/span><\/a><\/p><p><a href=\"https:\/\/bigseo.com\/politica-de-cookies\/#ie=ie-10\" target=\"_blank\" rel=\"noopener\"><span style=\"font-weight: 400;\">Internet Explorer<\/span><\/a><\/p><p><a href=\"http:\/\/support.mozilla.org\/es\/kb\/habilitar-y-deshabilitar-cookies-que-los-sitios-we\" target=\"_blank\" rel=\"noopener\"><span style=\"font-weight: 400;\">Mozilla Firefox<\/span><\/a><\/p><p><a href=\"http:\/\/support.apple.com\/kb\/HT1677?viewlocale=es_ES%20%97%20http:\/\/support.apple.com\/kb\/ph5042\" target=\"_blank\" rel=\"noopener\"><span style=\"font-weight: 400;\">Apple Safari<\/span><\/a><\/p>\t\t\t\t\t\t\t\t<\/div>\n\t\t\t\t<\/div>\n\t\t\t\t\t<\/div>\n\t\t<\/div>\n\t\t\t\t\t<\/div>\n\t\t<\/section>\n\t\t\t\t\t<\/div>\n\t\t<\/div>\n\t\t\t\t\t<\/div>\n\t\t<\/section>\n\t\t\t\t<\/div>","protected":false},"excerpt":{"rendered":"<p>POL\u00cdTICA DE COOKIES Tras una auditor\u00eda realizada para la informaci\u00f3n sobre las Cookies que se usan en esta web, le informamos: La LSSI-CE, obliga a todos los que tienen un blog o una web a advertir al usuario de la existencia de cookies, informar sobre ellas y requerirle permiso para descargarlas. Asimismo, tal y como [&hellip;]<\/p>\n","protected":false},"author":1,"featured_media":0,"parent":0,"menu_order":1100,"comment_status":"closed","ping_status":"closed","template":"elementor_theme","meta":{"footnotes":""},"class_list":["post-718","page","type-page","status-publish","hentry"],"_links":{"self":[{"href":"https:\/\/grupoterrademar.com\/nl\/wp-json\/wp\/v2\/pages\/718","targetHints":{"allow":["GET"]}}],"collection":[{"href":"https:\/\/grupoterrademar.com\/nl\/wp-json\/wp\/v2\/pages"}],"about":[{"href":"https:\/\/grupoterrademar.com\/nl\/wp-json\/wp\/v2\/types\/page"}],"author":[{"embeddable":true,"href":"https:\/\/grupoterrademar.com\/nl\/wp-json\/wp\/v2\/users\/1"}],"replies":[{"embeddable":true,"href":"https:\/\/grupoterrademar.com\/nl\/wp-json\/wp\/v2\/comments?post=718"}],"version-history":[{"count":20,"href":"https:\/\/grupoterrademar.com\/nl\/wp-json\/wp\/v2\/pages\/718\/revisions"}],"predecessor-version":[{"id":7329,"href":"https:\/\/grupoterrademar.com\/nl\/wp-json\/wp\/v2\/pages\/718\/revisions\/7329"}],"wp:attachment":[{"href":"https:\/\/grupoterrademar.com\/nl\/wp-json\/wp\/v2\/media?parent=718"}],"curies":[{"name":"wp","href":"https:\/\/api.w.org\/{rel}","templated":true}]}}