{"id":1588,"date":"2022-05-19T17:53:55","date_gmt":"2022-05-19T17:53:55","guid":{"rendered":"https:\/\/grupoterrademar.com\/?page_id=1588"},"modified":"2024-11-07T07:04:14","modified_gmt":"2024-11-07T07:04:14","slug":"over-ons","status":"publish","type":"page","link":"https:\/\/grupoterrademar.com\/nl\/over-ons\/","title":{"rendered":"Over ons"},"content":{"rendered":"<div data-elementor-type=\"wp-page\" data-elementor-id=\"1588\" class=\"elementor elementor-1588\" data-elementor-post-type=\"page\">\n\t\t\t\t\t\t<section class=\"elementor-section elementor-top-section elementor-element elementor-element-5143074 elementor-section-full_width elementor-section-height-min-height elementor-section-items-stretch elementor-section-stretched elementor-section-height-default\" data-id=\"5143074\" data-element_type=\"section\" data-e-type=\"section\" data-settings=\"{&quot;stretch_section&quot;:&quot;section-stretched&quot;,&quot;background_background&quot;:&quot;classic&quot;}\">\n\t\t\t\t\t\t<div class=\"elementor-container elementor-column-gap-default\">\n\t\t\t\t\t<div class=\"elementor-column elementor-col-50 elementor-top-column elementor-element elementor-element-0011f01\" data-id=\"0011f01\" data-element_type=\"column\" data-e-type=\"column\" data-settings=\"{&quot;background_background&quot;:&quot;classic&quot;}\">\n\t\t\t<div class=\"elementor-widget-wrap elementor-element-populated\">\n\t\t\t\t\t\t<div class=\"elementor-element elementor-element-9610352 elementor-widget elementor-widget-heading\" data-id=\"9610352\" data-element_type=\"widget\" data-e-type=\"widget\" data-widget_type=\"heading.default\">\n\t\t\t\t<div class=\"elementor-widget-container\">\n\t\t\t\t\t<h2 class=\"elementor-heading-title elementor-size-default\">Reis naar Ithaka<\/h2>\t\t\t\t<\/div>\n\t\t\t\t<\/div>\n\t\t\t\t<div class=\"elementor-element elementor-element-16062b0 elementor-widget-divider--view-line elementor-widget elementor-widget-divider\" data-id=\"16062b0\" data-element_type=\"widget\" data-e-type=\"widget\" data-widget_type=\"divider.default\">\n\t\t\t\t<div class=\"elementor-widget-container\">\n\t\t\t\t\t\t\t<div class=\"elementor-divider\">\n\t\t\t<span class=\"elementor-divider-separator\">\n\t\t\t\t\t\t<\/span>\n\t\t<\/div>\n\t\t\t\t\t\t<\/div>\n\t\t\t\t<\/div>\n\t\t\t\t<div class=\"elementor-element elementor-element-20e61f8 elementor-widget elementor-widget-text-editor\" data-id=\"20e61f8\" data-element_type=\"widget\" data-e-type=\"widget\" data-widget_type=\"text-editor.default\">\n\t\t\t\t<div class=\"elementor-widget-container\">\n\t\t\t\t\t\t\t\t\t<p>Het gedicht Reis naar Ithaka van Constantijn Cavafis weerspiegelt onze levens- en arbeidsfilosofie.<\/p>\n<p><strong>Geniet van uw reis.<\/strong><\/p>\n<p><em><strong>Terra de Mar Groep<\/strong><\/em><\/p>\t\t\t\t\t\t\t\t<\/div>\n\t\t\t\t<\/div>\n\t\t\t\t<div class=\"elementor-element elementor-element-52949fe elementor-widget elementor-widget-text-editor\" data-id=\"52949fe\" data-element_type=\"widget\" data-e-type=\"widget\" data-widget_type=\"text-editor.default\">\n\t\t\t\t<div class=\"elementor-widget-container\">\n\t\t\t\t\t\t\t\t\t<p><em>Wanneer je aan je reis naar Ithaka begint<\/em><\/p><p><em>vraagt dat de weg lang is,<\/em><\/p><p><em>vol avonturen, vol ervaringen.<\/em><\/p><p><em>Vrees noch Lestrygonians noch Cyclopses<\/em><\/p><p><em>noch de cholerische Poseidon,<\/em><\/p><p><em>Zulke wezens zul je nooit op je weg vinden,<\/em><\/p><p><em>als je denken hoog is, als je selecteert<\/em><\/p><p><em>is de emotie die je geest en je lichaam raakt.<\/em><\/p><p><em>Noch aan de Lestrygonians noch aan de Cyclopen<\/em><\/p><p><em>noch de wilde Poseidon zul je vinden,<\/em><\/p><p><em>als je ze niet in je ziel meedraagt,<\/em><\/p><p><em>als je ziel ze niet voor je opheft.<\/em><\/p><p>\u00a0<\/p><p><em>Vraag om een lange weg.<\/em><\/p><p><em>Moge de zomer vele ochtenden zijn<\/em><\/p><p><em>je aankomt - met wat een plezier en vreugde!<\/em><\/p><p><em>naar nooit eerder geziene havens.<\/em><\/p><p><em>Stop bij de souvenirs van Fenici\u00eb<\/em><\/p><p><em>en koop prachtige spullen,<\/em><\/p><p><em>paarlemoer en koraal, amber en ebbenhout<\/em><\/p><p><em>en allerlei sensuele parfums,<\/em><\/p><p><em>hoe overvloediger sensuele parfums je kunt maken.<\/em><\/p><p><em>Ga naar veel Egyptische steden<\/em><\/p><p><em>om te leren, om te leren van hun wijze mannen.<\/em><\/p><p>\u00a0<\/p><p><em>Houd Ithaca altijd in je gedachten.<\/em><\/p><p><em>Daar komen is je bestemming.<\/em><\/p><p><em>Maar haast de reis nooit.<\/em><\/p><p><em>Het kan maar beter vele jaren meegaan<\/em><\/p><p><em>en dok, oud nu, op het eiland,<\/em><\/p><p><em>verrijkt door hoeveel je onderweg hebt opgedaan<\/em><\/p><p><em>zonder te wachten tot Ithaca je verrijkt.<\/em><\/p><p>\u00a0<\/p><p><em>Ithaca gaf je zo'n mooie reis.<\/em><\/p><p><em>Zonder dat zou je niet op weg zijn gegaan.<\/em><\/p><p><em>Maar het heeft je niets meer te geven.<\/em><\/p><p>\u00a0<\/p><p><em>Ook al vind je het armoedig, Ithaka heeft je niet bedrogen.<\/em><\/p><p><em>Dus, wijs als je bent geworden, met zoveel ervaring,<\/em><\/p><p><em>zult u begrijpen wat de Itacas bedoelen.<\/em><\/p>\t\t\t\t\t\t\t\t<\/div>\n\t\t\t\t<\/div>\n\t\t\t\t\t<\/div>\n\t\t<\/div>\n\t\t\t\t<div class=\"elementor-column elementor-col-50 elementor-top-column elementor-element elementor-element-4665370\" data-id=\"4665370\" data-element_type=\"column\" data-e-type=\"column\" data-settings=\"{&quot;background_background&quot;:&quot;classic&quot;}\">\n\t\t\t<div class=\"elementor-widget-wrap elementor-element-populated\">\n\t\t\t\t\t\t<div class=\"elementor-element elementor-element-32bfbfd elementor-widget elementor-widget-image\" data-id=\"32bfbfd\" data-element_type=\"widget\" data-e-type=\"widget\" data-widget_type=\"image.default\">\n\t\t\t\t<div class=\"elementor-widget-container\">\n\t\t\t\t\t\t\t\t\t\t\t\t\t\t\t<img fetchpriority=\"high\" decoding=\"async\" width=\"235\" height=\"230\" src=\"https:\/\/grupoterrademar.com\/wp-content\/uploads\/2022\/05\/logo-gris.svg\" class=\"attachment-large size-large wp-image-3955\" alt=\"\" \/>\t\t\t\t\t\t\t\t\t\t\t\t\t\t\t<\/div>\n\t\t\t\t<\/div>\n\t\t\t\t<section class=\"elementor-section elementor-inner-section elementor-element elementor-element-cc8c052 elementor-section-boxed elementor-section-height-default elementor-section-height-default\" data-id=\"cc8c052\" data-element_type=\"section\" data-e-type=\"section\">\n\t\t\t\t\t\t<div class=\"elementor-container elementor-column-gap-default\">\n\t\t\t\t\t<div class=\"elementor-column elementor-col-100 elementor-inner-column elementor-element elementor-element-dab47a8\" data-id=\"dab47a8\" data-element_type=\"column\" data-e-type=\"column\">\n\t\t\t<div class=\"elementor-widget-wrap elementor-element-populated\">\n\t\t\t\t\t\t<div class=\"elementor-element elementor-element-1172d00 elementor-widget elementor-widget-image\" data-id=\"1172d00\" data-element_type=\"widget\" data-e-type=\"widget\" data-widget_type=\"image.default\">\n\t\t\t\t<div class=\"elementor-widget-container\">\n\t\t\t\t\t\t\t\t\t\t\t\t\t\t\t<img decoding=\"async\" width=\"658\" height=\"1024\" src=\"https:\/\/grupoterrademar.com\/wp-content\/uploads\/2022\/06\/Ani-004-658x1024.jpg\" class=\"attachment-large size-large wp-image-5369\" alt=\"\" srcset=\"https:\/\/grupoterrademar.com\/wp-content\/uploads\/2022\/06\/Ani-004-658x1024.jpg 658w, https:\/\/grupoterrademar.com\/wp-content\/uploads\/2022\/06\/Ani-004-193x300.jpg 193w, https:\/\/grupoterrademar.com\/wp-content\/uploads\/2022\/06\/Ani-004-768x1195.jpg 768w, https:\/\/grupoterrademar.com\/wp-content\/uploads\/2022\/06\/Ani-004-987x1536.jpg 987w, https:\/\/grupoterrademar.com\/wp-content\/uploads\/2022\/06\/Ani-004.jpg 1063w\" sizes=\"(max-width: 658px) 100vw, 658px\" \/>\t\t\t\t\t\t\t\t\t\t\t\t\t\t\t<\/div>\n\t\t\t\t<\/div>\n\t\t\t\t<div class=\"elementor-element elementor-element-233167d elementor-widget elementor-widget-heading\" data-id=\"233167d\" data-element_type=\"widget\" data-e-type=\"widget\" data-widget_type=\"heading.default\">\n\t\t\t\t<div class=\"elementor-widget-container\">\n\t\t\t\t\t<h2 class=\"elementor-heading-title elementor-size-default\">Ani<\/h2>\t\t\t\t<\/div>\n\t\t\t\t<\/div>\n\t\t\t\t\t<\/div>\n\t\t<\/div>\n\t\t\t\t\t<\/div>\n\t\t<\/section>\n\t\t\t\t<section class=\"elementor-section elementor-inner-section elementor-element elementor-element-4cde7fa elementor-section-boxed elementor-section-height-default elementor-section-height-default\" data-id=\"4cde7fa\" data-element_type=\"section\" data-e-type=\"section\">\n\t\t\t\t\t\t<div class=\"elementor-container elementor-column-gap-default\">\n\t\t\t\t\t<div class=\"elementor-column elementor-col-50 elementor-inner-column elementor-element elementor-element-fd667ee\" data-id=\"fd667ee\" data-element_type=\"column\" data-e-type=\"column\">\n\t\t\t<div class=\"elementor-widget-wrap elementor-element-populated\">\n\t\t\t\t\t\t<div class=\"elementor-element elementor-element-5c298d9 elementor-widget elementor-widget-image\" data-id=\"5c298d9\" data-element_type=\"widget\" data-e-type=\"widget\" data-widget_type=\"image.default\">\n\t\t\t\t<div class=\"elementor-widget-container\">\n\t\t\t\t\t\t\t\t\t\t\t\t\t\t\t<img decoding=\"async\" width=\"658\" height=\"1024\" src=\"https:\/\/grupoterrademar.com\/wp-content\/uploads\/2022\/06\/Carmen-003-658x1024.jpg\" class=\"attachment-large size-large wp-image-5370\" alt=\"\" srcset=\"https:\/\/grupoterrademar.com\/wp-content\/uploads\/2022\/06\/Carmen-003-658x1024.jpg 658w, https:\/\/grupoterrademar.com\/wp-content\/uploads\/2022\/06\/Carmen-003-193x300.jpg 193w, https:\/\/grupoterrademar.com\/wp-content\/uploads\/2022\/06\/Carmen-003-768x1195.jpg 768w, https:\/\/grupoterrademar.com\/wp-content\/uploads\/2022\/06\/Carmen-003-987x1536.jpg 987w, https:\/\/grupoterrademar.com\/wp-content\/uploads\/2022\/06\/Carmen-003.jpg 1063w\" sizes=\"(max-width: 658px) 100vw, 658px\" \/>\t\t\t\t\t\t\t\t\t\t\t\t\t\t\t<\/div>\n\t\t\t\t<\/div>\n\t\t\t\t<div class=\"elementor-element elementor-element-f609a6a elementor-widget elementor-widget-heading\" data-id=\"f609a6a\" data-element_type=\"widget\" data-e-type=\"widget\" data-widget_type=\"heading.default\">\n\t\t\t\t<div class=\"elementor-widget-container\">\n\t\t\t\t\t<h2 class=\"elementor-heading-title elementor-size-default\">Carmen<\/h2>\t\t\t\t<\/div>\n\t\t\t\t<\/div>\n\t\t\t\t\t<\/div>\n\t\t<\/div>\n\t\t\t\t<div class=\"elementor-column elementor-col-50 elementor-inner-column elementor-element elementor-element-4c193d2\" data-id=\"4c193d2\" data-element_type=\"column\" data-e-type=\"column\">\n\t\t\t<div class=\"elementor-widget-wrap elementor-element-populated\">\n\t\t\t\t\t\t<div class=\"elementor-element elementor-element-a2ee610 elementor-widget elementor-widget-image\" data-id=\"a2ee610\" data-element_type=\"widget\" data-e-type=\"widget\" data-widget_type=\"image.default\">\n\t\t\t\t<div class=\"elementor-widget-container\">\n\t\t\t\t\t\t\t\t\t\t\t\t\t\t\t<img loading=\"lazy\" decoding=\"async\" width=\"658\" height=\"1024\" src=\"https:\/\/grupoterrademar.com\/wp-content\/uploads\/2022\/06\/Disen\u0303o-sin-ti\u0301tulo-658x1024.png\" class=\"attachment-large size-large wp-image-7665\" alt=\"Marina\" srcset=\"https:\/\/grupoterrademar.com\/wp-content\/uploads\/2022\/06\/Disen\u0303o-sin-ti\u0301tulo-658x1024.png 658w, https:\/\/grupoterrademar.com\/wp-content\/uploads\/2022\/06\/Disen\u0303o-sin-ti\u0301tulo-193x300.png 193w, https:\/\/grupoterrademar.com\/wp-content\/uploads\/2022\/06\/Disen\u0303o-sin-ti\u0301tulo-768x1195.png 768w, https:\/\/grupoterrademar.com\/wp-content\/uploads\/2022\/06\/Disen\u0303o-sin-ti\u0301tulo-987x1536.png 987w, https:\/\/grupoterrademar.com\/wp-content\/uploads\/2022\/06\/Disen\u0303o-sin-ti\u0301tulo.png 1063w\" sizes=\"(max-width: 658px) 100vw, 658px\" \/>\t\t\t\t\t\t\t\t\t\t\t\t\t\t\t<\/div>\n\t\t\t\t<\/div>\n\t\t\t\t<div class=\"elementor-element elementor-element-3cf797a elementor-widget elementor-widget-heading\" data-id=\"3cf797a\" data-element_type=\"widget\" data-e-type=\"widget\" data-widget_type=\"heading.default\">\n\t\t\t\t<div class=\"elementor-widget-container\">\n\t\t\t\t\t<h2 class=\"elementor-heading-title elementor-size-default\">Marina<\/h2>\t\t\t\t<\/div>\n\t\t\t\t<\/div>\n\t\t\t\t\t<\/div>\n\t\t<\/div>\n\t\t\t\t\t<\/div>\n\t\t<\/section>\n\t\t\t\t\t<\/div>\n\t\t<\/div>\n\t\t\t\t\t<\/div>\n\t\t<\/section>\n\t\t\t\t<\/div>","protected":false},"excerpt":{"rendered":"<p>Viaje a \u00cdtaca El poema Viaje a \u00cdtaca de Constantino Cavafis refleja lo que es para nosotros nuestra filosof\u00eda de vida y de trabajo. Disfruta de tu viaje. Grupo Terra de Mar Cuando emprendas tu viaje a Itaca pide que el camino sea largo, lleno de aventuras, lleno de experiencias. No temas a los lestrigones [&hellip;]<\/p>\n","protected":false},"author":1,"featured_media":0,"parent":0,"menu_order":80,"comment_status":"closed","ping_status":"closed","template":"elementor_header_footer","meta":{"footnotes":""},"class_list":["post-1588","page","type-page","status-publish","hentry"],"_links":{"self":[{"href":"https:\/\/grupoterrademar.com\/nl\/wp-json\/wp\/v2\/pages\/1588","targetHints":{"allow":["GET"]}}],"collection":[{"href":"https:\/\/grupoterrademar.com\/nl\/wp-json\/wp\/v2\/pages"}],"about":[{"href":"https:\/\/grupoterrademar.com\/nl\/wp-json\/wp\/v2\/types\/page"}],"author":[{"embeddable":true,"href":"https:\/\/grupoterrademar.com\/nl\/wp-json\/wp\/v2\/users\/1"}],"replies":[{"embeddable":true,"href":"https:\/\/grupoterrademar.com\/nl\/wp-json\/wp\/v2\/comments?post=1588"}],"version-history":[{"count":191,"href":"https:\/\/grupoterrademar.com\/nl\/wp-json\/wp\/v2\/pages\/1588\/revisions"}],"predecessor-version":[{"id":10088,"href":"https:\/\/grupoterrademar.com\/nl\/wp-json\/wp\/v2\/pages\/1588\/revisions\/10088"}],"wp:attachment":[{"href":"https:\/\/grupoterrademar.com\/nl\/wp-json\/wp\/v2\/media?parent=1588"}],"curies":[{"name":"wp","href":"https:\/\/api.w.org\/{rel}","templated":true}]}}