{"id":9205,"date":"2023-08-18T08:09:49","date_gmt":"2023-08-18T08:09:49","guid":{"rendered":"https:\/\/grupoterrademar.com\/?page_id=9205"},"modified":"2025-10-20T17:59:56","modified_gmt":"2025-10-20T17:59:56","slug":"blog","status":"publish","type":"page","link":"https:\/\/grupoterrademar.com\/en\/blog\/","title":{"rendered":"Blog"},"content":{"rendered":"<div data-elementor-type=\"wp-page\" data-elementor-id=\"9205\" class=\"elementor elementor-9205\" data-elementor-post-type=\"page\">\n\t\t\t\t\t\t<section class=\"elementor-section elementor-top-section elementor-element elementor-element-7a39f307 elementor-section-full_width elementor-section-height-default elementor-section-height-default\" data-id=\"7a39f307\" data-element_type=\"section\" data-e-type=\"section\" data-settings=\"{&quot;background_background&quot;:&quot;classic&quot;}\">\n\t\t\t\t\t\t<div class=\"elementor-container elementor-column-gap-default\">\n\t\t\t\t\t<div class=\"elementor-column elementor-col-100 elementor-top-column elementor-element elementor-element-20ae6a39\" data-id=\"20ae6a39\" data-element_type=\"column\" data-e-type=\"column\">\n\t\t\t<div class=\"elementor-widget-wrap elementor-element-populated\">\n\t\t\t\t\t\t<section class=\"elementor-section elementor-inner-section elementor-element elementor-element-58a2fffc elementor-section-full_width elementor-section-height-min-height elementor-hidden-mobile elementor-section-height-default\" data-id=\"58a2fffc\" data-element_type=\"section\" data-e-type=\"section\">\n\t\t\t\t\t\t<div class=\"elementor-container elementor-column-gap-default\">\n\t\t\t\t\t<div class=\"make-column-clickable-elementor elementor-column elementor-col-50 elementor-inner-column elementor-element elementor-element-1a297f9b\" style=\"cursor: pointer;\" data-column-clickable=\"\/terra-de-mar\" data-column-clickable-blank=\"_self\" data-id=\"1a297f9b\" data-element_type=\"column\" data-e-type=\"column\" data-settings=\"{&quot;background_background&quot;:&quot;classic&quot;}\">\n\t\t\t<div class=\"elementor-widget-wrap elementor-element-populated\">\n\t\t\t\t\t\t<div class=\"elementor-element elementor-element-65212ad9 elementor-widget elementor-widget-heading\" data-id=\"65212ad9\" data-element_type=\"widget\" data-e-type=\"widget\" data-widget_type=\"heading.default\">\n\t\t\t\t<div class=\"elementor-widget-container\">\n\t\t\t\t\t<h2 class=\"elementor-heading-title elementor-size-default\"><a href=\"\/en\/terra-de-mar\/\">Blog <br>Terra Group<br> de Mar<\/a><\/h2>\t\t\t\t<\/div>\n\t\t\t\t<\/div>\n\t\t\t\t\t<\/div>\n\t\t<\/div>\n\t\t\t\t<div class=\"elementor-column elementor-col-50 elementor-inner-column elementor-element elementor-element-348cd96b\" data-id=\"348cd96b\" data-element_type=\"column\" data-e-type=\"column\" data-settings=\"{&quot;background_background&quot;:&quot;classic&quot;}\">\n\t\t\t<div class=\"elementor-widget-wrap elementor-element-populated\">\n\t\t\t\t\t\t<div class=\"elementor-element elementor-element-45ebea43 elementor-flip-box--effect-fade elementor-widget elementor-widget-flip-box\" data-id=\"45ebea43\" data-element_type=\"widget\" data-e-type=\"widget\" data-widget_type=\"flip-box.default\">\n\t\t\t\t<div class=\"elementor-widget-container\">\n\t\t\t\t\t\t\t<div class=\"elementor-flip-box\" tabindex=\"0\">\n\t\t\t<div class=\"elementor-flip-box__layer elementor-flip-box__front\">\n\t\t\t\t<div class=\"elementor-flip-box__layer__overlay\">\n\t\t\t\t\t<div class=\"elementor-flip-box__layer__inner\">\n\t\t\t\t\t\t\n\t\t\t\t\t\t\n\t\t\t\t\t\t\t\t\t\t\t<\/div>\n\t\t\t\t<\/div>\n\t\t\t<\/div>\n\t\t\t<div class=\"elementor-flip-box__layer elementor-flip-box__back\">\n\t\t\t<div class=\"elementor-flip-box__layer__overlay\">\n\t\t\t\t<div class=\"elementor-flip-box__layer__inner\">\n\t\t\t\t\t\n\t\t\t\t\t\n\t\t\t\t\t\t\t\t<\/div>\n\t\t<\/div>\n\t\t<\/div>\n\t\t<\/div>\n\t\t\t\t\t\t<\/div>\n\t\t\t\t<\/div>\n\t\t\t\t\t<\/div>\n\t\t<\/div>\n\t\t\t\t\t<\/div>\n\t\t<\/section>\n\t\t\t\t\t<\/div>\n\t\t<\/div>\n\t\t\t\t\t<\/div>\n\t\t<\/section>\n\t\t\t\t<section class=\"elementor-section elementor-top-section elementor-element elementor-element-4941ace elementor-section-boxed elementor-section-height-default elementor-section-height-default\" data-id=\"4941ace\" data-element_type=\"section\" data-e-type=\"section\">\n\t\t\t\t\t\t<div class=\"elementor-container elementor-column-gap-default\">\n\t\t\t\t\t<div class=\"elementor-column elementor-col-100 elementor-top-column elementor-element elementor-element-d7be7ca\" data-id=\"d7be7ca\" data-element_type=\"column\" data-e-type=\"column\">\n\t\t\t<div class=\"elementor-widget-wrap elementor-element-populated\">\n\t\t\t\t\t\t<div class=\"elementor-element elementor-element-40a2b25 elementor-widget elementor-widget-search\" data-id=\"40a2b25\" data-element_type=\"widget\" data-e-type=\"widget\" data-settings=\"{&quot;submit_trigger&quot;:&quot;click_submit&quot;,&quot;pagination_type_options&quot;:&quot;none&quot;}\" data-widget_type=\"search.default\">\n\t\t\t\t<div class=\"elementor-widget-container\">\n\t\t\t\t\t\t\t<search class=\"e-search hidden\" role=\"search\">\n\t\t\t<form class=\"e-search-form\" action=\"https:\/\/grupoterrademar.com\/en\" method=\"get\" data-trp-original-action=\"https:\/\/grupoterrademar.com\/en\">\n\n\t\t\t\t\n\t\t\t\t<label class=\"e-search-label\" for=\"search-40a2b25\">\n\t\t\t\t\t<span class=\"elementor-screen-only\">\n\t\t\t\t\t\tSearch\t\t\t\t\t<\/span>\n\t\t\t\t\t\t\t\t\t<\/label>\n\n\t\t\t\t<div class=\"e-search-input-wrapper\">\n\t\t\t\t\t<input id=\"search-40a2b25\" placeholder=\"Escribe para comenzar a buscar...\" class=\"e-search-input\" type=\"search\" name=\"s\" value=\"\" autocomplete=\"off\" role=\"combobox\" aria-autocomplete=\"list\" aria-expanded=\"false\" aria-controls=\"results-40a2b25\" aria-haspopup=\"listbox\">\n\t\t\t\t\t<i aria-hidden=\"true\" class=\"fas fa-times\"><\/i>\t\t\t\t\t\t\t\t\t\t<output id=\"results-40a2b25\" class=\"e-search-results-container hide-loader\" aria-live=\"polite\" aria-atomic=\"true\" aria-label=\"Results for search\" tabindex=\"0\">\n\t\t\t\t\t\t<div class=\"e-search-results\"><\/div>\n\t\t\t\t\t\t\t\t\t\t\t<\/output>\n\t\t\t\t\t\t\t\t\t<\/div>\n\t\t\t\t\n\t\t\t\t\n\t\t\t\t<button class=\"e-search-submit\" type=\"submit\">\n\t\t\t\t\t\n\t\t\t\t\t\t\t\t\t\t<span class=\"\">\n\t\t\t\t\t\tBuscar\t\t\t\t\t<\/span>\n\t\t\t\t\t\t\t\t\t<\/button>\n\t\t\t\t<input type=\"hidden\" name=\"e_search_props\" value=\"40a2b25-9205\">\n\t\t\t<input type=\"hidden\" name=\"trp-form-language\" value=\"en\"\/><\/form>\n\t\t<\/search>\n\t\t\t\t\t\t<\/div>\n\t\t\t\t<\/div>\n\t\t\t\t\t<\/div>\n\t\t<\/div>\n\t\t\t\t\t<\/div>\n\t\t<\/section>\n\t\t\t\t<section class=\"elementor-section elementor-top-section elementor-element elementor-element-67802724 elementor-section-boxed elementor-section-height-default elementor-section-height-default\" data-id=\"67802724\" data-element_type=\"section\" data-e-type=\"section\">\n\t\t\t\t\t\t<div class=\"elementor-container elementor-column-gap-default\">\n\t\t\t\t\t<div class=\"elementor-column elementor-col-100 elementor-top-column elementor-element elementor-element-4ca31ddf\" data-id=\"4ca31ddf\" data-element_type=\"column\" data-e-type=\"column\">\n\t\t\t<div class=\"elementor-widget-wrap elementor-element-populated\">\n\t\t\t\t\t\t<div class=\"elementor-element elementor-element-7b5b74f7 elementor-grid-3 elementor-grid-tablet-2 elementor-grid-mobile-1 elementor-posts--thumbnail-top elementor-card-shadow-yes elementor-posts__hover-gradient elementor-widget elementor-widget-posts\" data-id=\"7b5b74f7\" data-element_type=\"widget\" data-e-type=\"widget\" data-settings=\"{&quot;pagination_type&quot;:&quot;load_more_infinite_scroll&quot;,&quot;cards_columns&quot;:&quot;3&quot;,&quot;cards_columns_tablet&quot;:&quot;2&quot;,&quot;cards_columns_mobile&quot;:&quot;1&quot;,&quot;cards_row_gap&quot;:{&quot;unit&quot;:&quot;px&quot;,&quot;size&quot;:35,&quot;sizes&quot;:[]},&quot;cards_row_gap_tablet&quot;:{&quot;unit&quot;:&quot;px&quot;,&quot;size&quot;:&quot;&quot;,&quot;sizes&quot;:[]},&quot;cards_row_gap_mobile&quot;:{&quot;unit&quot;:&quot;px&quot;,&quot;size&quot;:&quot;&quot;,&quot;sizes&quot;:[]},&quot;load_more_spinner&quot;:{&quot;value&quot;:&quot;fas fa-spinner&quot;,&quot;library&quot;:&quot;fa-solid&quot;}}\" data-widget_type=\"posts.cards\">\n\t\t\t\t<div class=\"elementor-widget-container\">\n\t\t\t\t\t\t\t<div class=\"elementor-posts-container elementor-posts elementor-posts--skin-cards elementor-grid\" role=\"list\">\n\t\t\t\t<article class=\"elementor-post elementor-grid-item post-11188 post type-post status-publish format-standard has-post-thumbnail hentry category-sin-categoria-es\" role=\"listitem\">\n\t\t\t<div class=\"elementor-post__card\">\n\t\t\t\t<a class=\"elementor-post__thumbnail__link\" href=\"https:\/\/grupoterrademar.com\/en\/villa-alegre-calpe-villa-piscina\/\" tabindex=\"-1\" ><div class=\"elementor-post__thumbnail\"><img fetchpriority=\"high\" decoding=\"async\" width=\"300\" height=\"201\" src=\"https:\/\/grupoterrademar.com\/wp-content\/uploads\/2023\/08\/foto-villa-alegre-14-edited-300x201.jpeg\" class=\"attachment-medium size-medium wp-image-9250\" alt=\"Villa alegre villa en calpe para seis personas\" srcset=\"https:\/\/grupoterrademar.com\/wp-content\/uploads\/2023\/08\/foto-villa-alegre-14-edited-300x201.jpeg 300w, https:\/\/grupoterrademar.com\/wp-content\/uploads\/2023\/08\/foto-villa-alegre-14-edited-1024x685.jpeg 1024w, https:\/\/grupoterrademar.com\/wp-content\/uploads\/2023\/08\/foto-villa-alegre-14-edited-768x514.jpeg 768w, https:\/\/grupoterrademar.com\/wp-content\/uploads\/2023\/08\/foto-villa-alegre-14-edited.jpeg 1255w\" sizes=\"(max-width: 300px) 100vw, 300px\" \/><\/div><\/a>\n\t\t\t\t<div class=\"elementor-post__text\">\n\t\t\t\t<h2 class=\"elementor-post__title\">\n\t\t\t<a href=\"https:\/\/grupoterrademar.com\/en\/villa-alegre-calpe-villa-piscina\/\" >\n\t\t\t\tVilla Alegre Calpe: una villa para seis con piscina, jard\u00edn y todo lo que hace falta\t\t\t<\/a>\n\t\t<\/h2>\n\t\t\t\t<div class=\"elementor-post__excerpt\">\n\t\t\t<p>Villa Alegre en Calpe: 290m\u00b2, 3 habitaciones, piscina comunitaria, jard\u00edn, barbacoa y parking privado. Ideal para familias y grupos. Mascotas bienvenidas.<\/p>\n\t\t<\/div>\n\t\t\n\t\t<a class=\"elementor-post__read-more\" href=\"https:\/\/grupoterrademar.com\/en\/villa-alegre-calpe-villa-piscina\/\" aria-label=\"Read more about Villa Alegre Calpe: una villa para seis con piscina, jard\u00edn y todo lo que hace falta\" tabindex=\"-1\" >\n\t\t\tRead more \"\t\t<\/a>\n\n\t\t\t\t<\/div>\n\t\t\t\t\t<\/div>\n\t\t<\/article>\n\t\t\t\t<article class=\"elementor-post elementor-grid-item post-11184 post type-post status-publish format-standard has-post-thumbnail hentry category-calpe\" role=\"listitem\">\n\t\t\t<div class=\"elementor-post__card\">\n\t\t\t\t<a class=\"elementor-post__thumbnail__link\" href=\"https:\/\/grupoterrademar.com\/en\/hotel-terra-de-mar-calpe-hotel-boutique\/\" tabindex=\"-1\" ><div class=\"elementor-post__thumbnail\"><img decoding=\"async\" width=\"300\" height=\"203\" src=\"https:\/\/grupoterrademar.com\/wp-content\/uploads\/2022\/06\/terrademar_8-300x203.jpeg\" class=\"attachment-medium size-medium wp-image-7198\" alt=\"hotel calpe boutique con encanto\" srcset=\"https:\/\/grupoterrademar.com\/wp-content\/uploads\/2022\/06\/terrademar_8-300x203.jpeg 300w, https:\/\/grupoterrademar.com\/wp-content\/uploads\/2022\/06\/terrademar_8-1024x692.jpeg 1024w, https:\/\/grupoterrademar.com\/wp-content\/uploads\/2022\/06\/terrademar_8-768x519.jpeg 768w, https:\/\/grupoterrademar.com\/wp-content\/uploads\/2022\/06\/terrademar_8.jpeg 1280w\" sizes=\"(max-width: 300px) 100vw, 300px\" \/><\/div><\/a>\n\t\t\t\t<div class=\"elementor-post__text\">\n\t\t\t\t<h2 class=\"elementor-post__title\">\n\t\t\t<a href=\"https:\/\/grupoterrademar.com\/en\/hotel-terra-de-mar-calpe-hotel-boutique\/\" >\n\t\t\t\tTerra de Mar: el hotel boutique de Calpe que naci\u00f3 en una casa de pescadores\t\t\t<\/a>\n\t\t<\/h2>\n\t\t\t\t<div class=\"elementor-post__excerpt\">\n\t\t\t<p>Hotel Terra de Mar en el coraz\u00f3n del casco antiguo de Calpe. 12 habitaciones tem\u00e1ticas, desayuno en terraza-mirador, a 450 metros de la playa del Arenal. Mascotas bienvenidas.<\/p>\n\t\t<\/div>\n\t\t\n\t\t<a class=\"elementor-post__read-more\" href=\"https:\/\/grupoterrademar.com\/en\/hotel-terra-de-mar-calpe-hotel-boutique\/\" aria-label=\"Read more about Terra de Mar: el hotel boutique de Calpe que naci\u00f3 en una casa de pescadores\" tabindex=\"-1\" >\n\t\t\tRead more \"\t\t<\/a>\n\n\t\t\t\t<\/div>\n\t\t\t\t\t<\/div>\n\t\t<\/article>\n\t\t\t\t<article class=\"elementor-post elementor-grid-item post-11124 post type-post status-publish format-standard has-post-thumbnail hentry category-costa-blanca tag-alojamientos-pet-friendly\" role=\"listitem\">\n\t\t\t<div class=\"elementor-post__card\">\n\t\t\t\t<a class=\"elementor-post__thumbnail__link\" href=\"https:\/\/grupoterrademar.com\/en\/escapada-con-perro-fallas-costa-blanca\/\" tabindex=\"-1\" ><div class=\"elementor-post__thumbnail\"><img decoding=\"async\" width=\"300\" height=\"169\" src=\"https:\/\/grupoterrademar.com\/wp-content\/uploads\/2025\/06\/Diseno-sin-titulo-300x169.png\" class=\"attachment-medium size-medium wp-image-10650\" alt=\"\" srcset=\"https:\/\/grupoterrademar.com\/wp-content\/uploads\/2025\/06\/Diseno-sin-titulo-300x169.png 300w, https:\/\/grupoterrademar.com\/wp-content\/uploads\/2025\/06\/Diseno-sin-titulo-1024x576.png 1024w, https:\/\/grupoterrademar.com\/wp-content\/uploads\/2025\/06\/Diseno-sin-titulo-768x432.png 768w, https:\/\/grupoterrademar.com\/wp-content\/uploads\/2025\/06\/Diseno-sin-titulo-1536x864.png 1536w, https:\/\/grupoterrademar.com\/wp-content\/uploads\/2025\/06\/Diseno-sin-titulo-18x10.png 18w, https:\/\/grupoterrademar.com\/wp-content\/uploads\/2025\/06\/Diseno-sin-titulo.png 1920w\" sizes=\"(max-width: 300px) 100vw, 300px\" \/><\/div><\/a>\n\t\t\t\t<div class=\"elementor-post__text\">\n\t\t\t\t<h2 class=\"elementor-post__title\">\n\t\t\t<a href=\"https:\/\/grupoterrademar.com\/en\/escapada-con-perro-fallas-costa-blanca\/\" >\n\t\t\t\tEscapa de las Fallas con tu perro: la Costa Blanca te espera\t\t\t<\/a>\n\t\t<\/h2>\n\t\t\t\t<div class=\"elementor-post__excerpt\">\n\t\t\t<p>\u00bfTu perro y las Fallas no se llevan bien? Escapa al Mediterr\u00e1neo. Terra de Mar, Ca Sana, La Fonda, Villa Samar y m\u00e1s te esperan con las mascotas bienvenidas en la Costa Blanca.<\/p>\n\t\t<\/div>\n\t\t\n\t\t<a class=\"elementor-post__read-more\" href=\"https:\/\/grupoterrademar.com\/en\/escapada-con-perro-fallas-costa-blanca\/\" aria-label=\"Read more about Escapa de las Fallas con tu perro: la Costa Blanca te espera\" tabindex=\"-1\" >\n\t\t\tRead more \"\t\t<\/a>\n\n\t\t\t\t<\/div>\n\t\t\t\t\t<\/div>\n\t\t<\/article>\n\t\t\t\t<article class=\"elementor-post elementor-grid-item post-11120 post type-post status-publish format-standard has-post-thumbnail hentry category-calpe tag-senderismo-costa-blanca\" role=\"listitem\">\n\t\t\t<div class=\"elementor-post__card\">\n\t\t\t\t<a class=\"elementor-post__thumbnail__link\" href=\"https:\/\/grupoterrademar.com\/en\/guia-senderismo-penon-de-ifach\/\" tabindex=\"-1\" ><div class=\"elementor-post__thumbnail\"><img loading=\"lazy\" decoding=\"async\" width=\"300\" height=\"200\" src=\"https:\/\/grupoterrademar.com\/wp-content\/uploads\/2026\/02\/senderismo-penon-de-ifach-300x200.jpg\" class=\"attachment-medium size-medium wp-image-11121\" alt=\"guia completa de senderismo en el pe\u00f1\u00f3n de ifach\" srcset=\"https:\/\/grupoterrademar.com\/wp-content\/uploads\/2026\/02\/senderismo-penon-de-ifach-300x200.jpg 300w, https:\/\/grupoterrademar.com\/wp-content\/uploads\/2026\/02\/senderismo-penon-de-ifach-1024x683.jpg 1024w, https:\/\/grupoterrademar.com\/wp-content\/uploads\/2026\/02\/senderismo-penon-de-ifach-768x512.jpg 768w, https:\/\/grupoterrademar.com\/wp-content\/uploads\/2026\/02\/senderismo-penon-de-ifach-18x12.jpg 18w, https:\/\/grupoterrademar.com\/wp-content\/uploads\/2026\/02\/senderismo-penon-de-ifach.jpg 1200w\" sizes=\"(max-width: 300px) 100vw, 300px\" \/><\/div><\/a>\n\t\t\t\t<div class=\"elementor-post__text\">\n\t\t\t\t<h2 class=\"elementor-post__title\">\n\t\t\t<a href=\"https:\/\/grupoterrademar.com\/en\/guia-senderismo-penon-de-ifach\/\" >\n\t\t\t\tPe\u00f1\u00f3n de Ifach: gu\u00eda completa de senderismo con nivel de dificultad\t\t\t<\/a>\n\t\t<\/h2>\n\t\t\t\t<div class=\"elementor-post__excerpt\">\n\t\t\t<p>Ruta Pe\u00f1\u00f3n de Ifach paso a paso: distancia, desnivel, tiempo, dificultad real y consejos pr\u00e1cticos. Gu\u00eda completa para planificar tu senderismo en Calpe.<\/p>\n\t\t<\/div>\n\t\t\n\t\t<a class=\"elementor-post__read-more\" href=\"https:\/\/grupoterrademar.com\/en\/guia-senderismo-penon-de-ifach\/\" aria-label=\"Read more about Pe\u00f1\u00f3n de Ifach: gu\u00eda completa de senderismo con nivel de dificultad\" tabindex=\"-1\" >\n\t\t\tRead more \"\t\t<\/a>\n\n\t\t\t\t<\/div>\n\t\t\t\t\t<\/div>\n\t\t<\/article>\n\t\t\t\t<article class=\"elementor-post elementor-grid-item post-11110 post type-post status-publish format-standard has-post-thumbnail hentry category-calpe tag-alojamientos-experiencias\" role=\"listitem\">\n\t\t\t<div class=\"elementor-post__card\">\n\t\t\t\t<a class=\"elementor-post__thumbnail__link\" href=\"https:\/\/grupoterrademar.com\/en\/san-valentin-calpe-romantico\/\" tabindex=\"-1\" ><div class=\"elementor-post__thumbnail\"><img loading=\"lazy\" decoding=\"async\" width=\"300\" height=\"191\" src=\"https:\/\/grupoterrademar.com\/wp-content\/uploads\/2022\/06\/terrademar_40-300x191.jpeg\" class=\"attachment-medium size-medium wp-image-7223\" alt=\"terrademar_40\" srcset=\"https:\/\/grupoterrademar.com\/wp-content\/uploads\/2022\/06\/terrademar_40-300x191.jpeg 300w, https:\/\/grupoterrademar.com\/wp-content\/uploads\/2022\/06\/terrademar_40-1024x652.jpeg 1024w, https:\/\/grupoterrademar.com\/wp-content\/uploads\/2022\/06\/terrademar_40-768x489.jpeg 768w, https:\/\/grupoterrademar.com\/wp-content\/uploads\/2022\/06\/terrademar_40.jpeg 1280w\" sizes=\"(max-width: 300px) 100vw, 300px\" \/><\/div><\/a>\n\t\t\t\t<div class=\"elementor-post__text\">\n\t\t\t\t<h2 class=\"elementor-post__title\">\n\t\t\t<a href=\"https:\/\/grupoterrademar.com\/en\/san-valentin-calpe-romantico\/\" >\n\t\t\t\tSan Valent\u00edn en Calpe: pueblo con vida y naturaleza espectacular\t\t\t<\/a>\n\t\t<\/h2>\n\t\t\t\t<div class=\"elementor-post__excerpt\">\n\t\t\t<p>San Valent\u00edn en Calpe: Pe\u00f1\u00f3n de Ifach espectacular, playas grandes, pueblo con vida, senderismo rom\u00e1ntico. Terra de Mar como alojamiento. Experiencia activa.<\/p>\n\t\t<\/div>\n\t\t\n\t\t<a class=\"elementor-post__read-more\" href=\"https:\/\/grupoterrademar.com\/en\/san-valentin-calpe-romantico\/\" aria-label=\"Read more about San Valent\u00edn en Calpe: pueblo con vida y naturaleza espectacular\" tabindex=\"-1\" >\n\t\t\tRead more \"\t\t<\/a>\n\n\t\t\t\t<\/div>\n\t\t\t\t\t<\/div>\n\t\t<\/article>\n\t\t\t\t<article class=\"elementor-post elementor-grid-item post-11108 post type-post status-publish format-standard has-post-thumbnail hentry category-benissa tag-alojamientos-experiencias\" role=\"listitem\">\n\t\t\t<div class=\"elementor-post__card\">\n\t\t\t\t<a class=\"elementor-post__thumbnail__link\" href=\"https:\/\/grupoterrademar.com\/en\/san-valentin-benissa-pueblo-autentico\/\" tabindex=\"-1\" ><div class=\"elementor-post__thumbnail\"><img loading=\"lazy\" decoding=\"async\" width=\"300\" height=\"200\" src=\"https:\/\/grupoterrademar.com\/wp-content\/uploads\/2022\/07\/LA_FONDA-93-300x200.jpg\" class=\"attachment-medium size-medium wp-image-7710\" alt=\"la fonda de benissa alojamiento encanto romantico\" srcset=\"https:\/\/grupoterrademar.com\/wp-content\/uploads\/2022\/07\/LA_FONDA-93-300x200.jpg 300w, https:\/\/grupoterrademar.com\/wp-content\/uploads\/2022\/07\/LA_FONDA-93-1024x683.jpg 1024w, https:\/\/grupoterrademar.com\/wp-content\/uploads\/2022\/07\/LA_FONDA-93-768x512.jpg 768w, https:\/\/grupoterrademar.com\/wp-content\/uploads\/2022\/07\/LA_FONDA-93-1536x1024.jpg 1536w, https:\/\/grupoterrademar.com\/wp-content\/uploads\/2022\/07\/LA_FONDA-93-2048x1365.jpg 2048w\" sizes=\"(max-width: 300px) 100vw, 300px\" \/><\/div><\/a>\n\t\t\t\t<div class=\"elementor-post__text\">\n\t\t\t\t<h2 class=\"elementor-post__title\">\n\t\t\t<a href=\"https:\/\/grupoterrademar.com\/en\/san-valentin-benissa-pueblo-autentico\/\" >\n\t\t\t\tSan Valent\u00edn en Benissa: pueblo costero aut\u00e9ntico para parejas\t\t\t<\/a>\n\t\t<\/h2>\n\t\t\t\t<div class=\"elementor-post__excerpt\">\n\t\t\t<p>San Valent\u00edn en Benissa: Pueblo medieval aut\u00e9ntico, calas tranquilas, gastronom\u00eda honesta, casco antiguo. La Fonda como alojamiento. Experiencia real.<\/p>\n\t\t<\/div>\n\t\t\n\t\t<a class=\"elementor-post__read-more\" href=\"https:\/\/grupoterrademar.com\/en\/san-valentin-benissa-pueblo-autentico\/\" aria-label=\"Read more about San Valent\u00edn en Benissa: pueblo costero aut\u00e9ntico para parejas\" tabindex=\"-1\" >\n\t\t\tRead more \"\t\t<\/a>\n\n\t\t\t\t<\/div>\n\t\t\t\t\t<\/div>\n\t\t<\/article>\n\t\t\t\t<\/div>\n\t\t\t\t\t<span class=\"e-load-more-spinner\">\n\t\t\t\t<i aria-hidden=\"true\" class=\"fas fa-spinner\"><\/i>\t\t\t<\/span>\n\t\t\n\t\t\t\t<div class=\"e-load-more-anchor\" data-page=\"1\" data-max-page=\"10\" data-next-page=\"https:\/\/grupoterrademar.com\/en\/wp-json\/wp\/v2\/pages\/9205\/page\/2\/\"><\/div>\n\t\t\t\t<div class=\"e-load-more-message\"><\/div>\n\t\t\t\t\t\t<\/div>\n\t\t\t\t<\/div>\n\t\t\t\t\t<\/div>\n\t\t<\/div>\n\t\t\t\t\t<\/div>\n\t\t<\/section>\n\t\t\t\t<section class=\"elementor-section elementor-top-section elementor-element elementor-element-157687f7 elementor-section-boxed elementor-section-height-default elementor-section-height-default\" data-id=\"157687f7\" data-element_type=\"section\" data-e-type=\"section\">\n\t\t\t\t\t\t<div class=\"elementor-container elementor-column-gap-default\">\n\t\t\t\t\t<div class=\"elementor-column elementor-col-100 elementor-top-column elementor-element elementor-element-4c123e41\" data-id=\"4c123e41\" data-element_type=\"column\" data-e-type=\"column\">\n\t\t\t<div class=\"elementor-widget-wrap elementor-element-populated\">\n\t\t\t\t\t\t<div class=\"elementor-element elementor-element-445f3c89 elementor-widget elementor-widget-spacer\" data-id=\"445f3c89\" data-element_type=\"widget\" data-e-type=\"widget\" data-widget_type=\"spacer.default\">\n\t\t\t\t<div class=\"elementor-widget-container\">\n\t\t\t\t\t\t\t<div class=\"elementor-spacer\">\n\t\t\t<div class=\"elementor-spacer-inner\"><\/div>\n\t\t<\/div>\n\t\t\t\t\t\t<\/div>\n\t\t\t\t<\/div>\n\t\t\t\t\t<\/div>\n\t\t<\/div>\n\t\t\t\t\t<\/div>\n\t\t<\/section>\n\t\t\t\t<\/div>","protected":false},"excerpt":{"rendered":"<p>Blog Grupo Terra de Mar Buscar Buscar<\/p>","protected":false},"author":1,"featured_media":2109,"parent":0,"menu_order":0,"comment_status":"closed","ping_status":"closed","template":"elementor_header_footer","meta":{"footnotes":""},"class_list":["post-9205","page","type-page","status-publish","has-post-thumbnail","hentry"],"_links":{"self":[{"href":"https:\/\/grupoterrademar.com\/en\/wp-json\/wp\/v2\/pages\/9205","targetHints":{"allow":["GET"]}}],"collection":[{"href":"https:\/\/grupoterrademar.com\/en\/wp-json\/wp\/v2\/pages"}],"about":[{"href":"https:\/\/grupoterrademar.com\/en\/wp-json\/wp\/v2\/types\/page"}],"author":[{"embeddable":true,"href":"https:\/\/grupoterrademar.com\/en\/wp-json\/wp\/v2\/users\/1"}],"replies":[{"embeddable":true,"href":"https:\/\/grupoterrademar.com\/en\/wp-json\/wp\/v2\/comments?post=9205"}],"version-history":[{"count":61,"href":"https:\/\/grupoterrademar.com\/en\/wp-json\/wp\/v2\/pages\/9205\/revisions"}],"predecessor-version":[{"id":10915,"href":"https:\/\/grupoterrademar.com\/en\/wp-json\/wp\/v2\/pages\/9205\/revisions\/10915"}],"wp:featuredmedia":[{"embeddable":true,"href":"https:\/\/grupoterrademar.com\/en\/wp-json\/wp\/v2\/media\/2109"}],"wp:attachment":[{"href":"https:\/\/grupoterrademar.com\/en\/wp-json\/wp\/v2\/media?parent=9205"}],"curies":[{"name":"wp","href":"https:\/\/api.w.org\/{rel}","templated":true}]}}