{"id":718,"date":"2022-05-17T14:25:35","date_gmt":"2022-05-17T14:25:35","guid":{"rendered":"https:\/\/grupoterrademar.com\/?page_id=718"},"modified":"2023-01-19T14:22:40","modified_gmt":"2023-01-19T14:22:40","slug":"cookie-policy","status":"publish","type":"page","link":"https:\/\/grupoterrademar.com\/en\/cookie-policy\/","title":{"rendered":"Cookie Policy"},"content":{"rendered":"<div data-elementor-type=\"wp-post\" data-elementor-id=\"718\" class=\"elementor elementor-718\" data-elementor-post-type=\"page\">\n\t\t\t\t\t\t<section class=\"elementor-section elementor-top-section elementor-element elementor-element-02edb0c elementor-section-boxed elementor-section-height-default elementor-section-height-default\" data-id=\"02edb0c\" data-element_type=\"section\" data-e-type=\"section\" data-settings=\"{&quot;background_background&quot;:&quot;classic&quot;}\">\n\t\t\t\t\t\t<div class=\"elementor-container elementor-column-gap-wider\">\n\t\t\t\t\t<div class=\"elementor-column elementor-col-100 elementor-top-column elementor-element elementor-element-ea395ff\" data-id=\"ea395ff\" data-element_type=\"column\" data-e-type=\"column\" data-settings=\"{&quot;background_background&quot;:&quot;classic&quot;}\">\n\t\t\t<div class=\"elementor-widget-wrap elementor-element-populated\">\n\t\t\t\t\t\t<section class=\"elementor-section elementor-inner-section elementor-element elementor-element-b9006aa elementor-section-boxed elementor-section-height-default elementor-section-height-default\" data-id=\"b9006aa\" data-element_type=\"section\" data-e-type=\"section\">\n\t\t\t\t\t\t<div class=\"elementor-container elementor-column-gap-default\">\n\t\t\t\t\t<div class=\"elementor-column elementor-col-100 elementor-inner-column elementor-element elementor-element-d1c16d0\" data-id=\"d1c16d0\" data-element_type=\"column\" data-e-type=\"column\">\n\t\t\t<div class=\"elementor-widget-wrap elementor-element-populated\">\n\t\t\t\t\t\t<div class=\"elementor-element elementor-element-049aa2d elementor-widget elementor-widget-heading\" data-id=\"049aa2d\" data-element_type=\"widget\" data-e-type=\"widget\" data-widget_type=\"heading.default\">\n\t\t\t\t<div class=\"elementor-widget-container\">\n\t\t\t\t\t<h1 class=\"elementor-heading-title elementor-size-default\">COOKIES POLICY<\/h1>\t\t\t\t<\/div>\n\t\t\t\t<\/div>\n\t\t\t\t<div class=\"elementor-element elementor-element-9e36763 elementor-widget elementor-widget-text-editor\" data-id=\"9e36763\" data-element_type=\"widget\" data-e-type=\"widget\" data-widget_type=\"text-editor.default\">\n\t\t\t\t<div class=\"elementor-widget-container\">\n\t\t\t\t\t\t\t\t\t<p><span style=\"font-weight: 400;\">Following an audit carried out for information on the Cookies used on this website, we hereby inform you:<\/span><\/p><p><span style=\"font-weight: 400;\">The LSSI-CE, obliges all those who have a blog or a website to warn the user of the existence of cookies, inform them about them and request permission to download them.<\/span><\/p><p><span style=\"font-weight: 400;\">Likewise, as stipulated in Article 22.2 of Law 34\/2002. \"Service providers may use data storage and retrieval devices on recipients' terminal equipment, provided that the recipients have given their consent after having been given clear and complete information on their use, in particular on the purposes of data processing, in accordance with the provisions of Organic Law 15\/1999, of 13 December, on the Protection of Personal Data\".<\/span><\/p><p><span style=\"font-weight: 400;\">As the party responsible for this website, and in compliance with the aforementioned article on cookies and taking into account the way the Internet and websites work, it is not always possible to have up-to-date information on the cookies that third parties may use through this website.<\/span><\/p><p><span style=\"font-weight: 400;\">This applies especially to cases where this website contains embedded elements: i.e. texts, documents, images or short films that are stored elsewhere, but are displayed on our website.<\/span><\/p><p><span style=\"font-weight: 400;\">Therefore, in the event that you encounter such cookies on this website and they are not listed below, please let us know. You can also contact the third party directly to request information about the cookies it sets, the purpose and duration of the cookie, and how it has ensured your privacy.<\/span><\/p><p><strong>What are Cookies?<\/strong><\/p><p><span style=\"font-weight: 400;\">Cookies are a tool used by web servers to store and retrieve information about their visitors. It is nothing more than a text file that some servers ask your browser to write to your hard drive, with information about what you have been doing on their pages. They have an expiry date, which can range from the duration of the session to a specified future date, after which they are no longer operational.<\/span><\/p><p>\u00a0<\/p><ol><li><strong> Cookies used by this website<\/strong><\/li><\/ol><p><span style=\"font-weight: 400;\">This website uses its own and third-party cookies to provide you with a better browsing experience, to share content on social networks, to show you advertisements based on your interests and to obtain user statistics.<\/span><\/p><p><span style=\"font-weight: 400;\">The cookies used in <\/span><a href=\"https:\/\/grupoterrademar.com\/en\"><span style=\"font-weight: 400;\">https:\/\/grupoterrademar.com\/<\/span><\/a><span style=\"font-weight: 400;\"> are only associated with an anonymous User and his or her computer, do not provide references that allow the name and surname of the User to be deduced and cannot read data from the User's hard disk or include viruses in their texts. Likewise, https:\/\/grupoterrademar.com\/ cannot read the cookies implanted in the User's hard disk from other servers.<\/span><\/p><p><span style=\"font-weight: 400;\">You are free to decide whether or not to place the cookies used on https:\/\/grupoterrademar.com\/ on your hard drive. In this regard, users can configure their browser to accept or reject all cookies by default or to receive an on-screen warning of the reception of each cookie and decide whether or not to place them on their hard drive at that time. To do so, we suggest you consult the help section of your browser to find out how to change the configuration currently used.<\/span><\/p><p><span style=\"font-weight: 400;\">Even if you configure your browser to reject all cookies or expressly reject cookies from https:\/\/grupoterrademar.com\/ you will be able to browse the Portal with the only drawback of not being able to enjoy the functionalities of the Portal that require the installation of any of them. In any case, you may delete the cookies implanted on your hard drive at any time, following the procedure established in the help section of your browser and which we will detail later.<\/span><\/p><p><span style=\"font-weight: 400;\">As a user, you can refuse the processing of data or information by blocking these cookies using the appropriate settings on your browser. However, you should be aware that, if you do so, this site may not function properly.<\/span><\/p><p><span style=\"font-weight: 400;\">Cookies on this website help us to:<\/span><\/p><ul><li style=\"font-weight: 400;\" aria-level=\"1\"><span style=\"font-weight: 400;\">Make this website work properly<\/span><\/li><li style=\"font-weight: 400;\" aria-level=\"1\"><span style=\"font-weight: 400;\">Remind them of your settings during and between visits<\/span><\/li><li style=\"font-weight: 400;\" aria-level=\"1\"><span style=\"font-weight: 400;\">Allow you to view videos<\/span><\/li><li style=\"font-weight: 400;\" aria-level=\"1\"><span style=\"font-weight: 400;\">Improve the speed \/ security of the site<\/span><\/li><li style=\"font-weight: 400;\" aria-level=\"1\"><span style=\"font-weight: 400;\">Can share pages with social networks<\/span><\/li><li style=\"font-weight: 400;\" aria-level=\"1\"><span style=\"font-weight: 400;\">Continuous improvement of this website<\/span><\/li><li style=\"font-weight: 400;\" aria-level=\"1\"><span style=\"font-weight: 400;\">Show you ads based on your browsing habits<\/span><\/li><\/ul><p>\u00a0<\/p><p><span style=\"font-weight: 400;\">We will never use cookies to:<\/span><\/p><ul><li style=\"font-weight: 400;\" aria-level=\"1\"><span style=\"font-weight: 400;\">Collecting personally identifiable information (without your express permission)<\/span><\/li><li style=\"font-weight: 400;\" aria-level=\"1\"><span style=\"font-weight: 400;\">Collecting sensitive information (without your express permission)<\/span><\/li><li style=\"font-weight: 400;\" aria-level=\"1\"><span style=\"font-weight: 400;\">Sharing personally identifiable data with third parties<\/span><\/li><\/ul><p>\u00a0<\/p><ol start=\"2\"><li><strong> Third-party cookies that we use on this website and that you should be aware of<\/strong><\/li><\/ol><p><span style=\"font-weight: 400;\">This website, like most sites, includes functionality provided by third parties.<\/span><\/p><p><span style=\"font-weight: 400;\">New designs or third party services are also regularly tested for recommendations and reports.<\/span><\/p><p><span style=\"font-weight: 400;\">This may occasionally change the configuration of cookies and cookies that are not detailed in this policy may appear. It is important for you to know that these are temporary cookies that it is not always possible to inform you about and that are only used for study and evaluation purposes. Under no circumstances will cookies that compromise your privacy be used.<\/span><\/p><p><span style=\"font-weight: 400;\">Among the most stable third-party cookies are:<\/span><\/p><p><span style=\"font-weight: 400;\">Those generated by analytical services, in particular, <\/span><i><span style=\"font-weight: 400;\">Google Analytics<\/span><\/i><span style=\"font-weight: 400;\"> to help the website analyse the use made by users of the website and improve its usability, but in no case are they associated with data that could identify the user.<\/span><\/p><p><span style=\"font-weight: 400;\">Google Analytics is a web analytics service provided by Google, Inc., a Delaware company with headquarters at 1600 Amphitheatre Parkway, Mountain View (California), CA 94043, United States (\"Google\").<\/span><\/p><p><span style=\"font-weight: 400;\">The user can consult here the type of cookies used by Google. Google+ and Google Maps cookies, as set out on their page on what type of cookies they use.<\/span><\/p><p><i><span style=\"font-weight: 400;\">WordPress<\/span><\/i><span style=\"font-weight: 400;\">https:\/\/grupoterrademar.com\/ is a user of the WordPress platform for the provision and hosting of blogs, owned by the American company Automattic, Inc. For this purpose, the use of such cookies by systems that are never under the control or management of the website manager, may change their function at any time, and new cookies may be introduced.<\/span><\/p><p><span style=\"font-weight: 400;\">These cookies are not of any benefit to the owner of this website. Automattic, Inc. also uses other cookies to help identify and track visitors to the WordPress sites, their use of the Automattic website and their access preferences, as described in the \"Cookies\" section of its privacy policy.<\/span><\/p><p><i><span style=\"font-weight: 400;\">Social media cookies<\/span><\/i><span style=\"font-weight: 400;\">Social media cookies may be stored in your browser while you are browsing https:\/\/grupoterrademar.com\/, for example, when you use the share button on https:\/\/grupoterrademar.com\/ on a social network.<\/span><\/p><p><span style=\"font-weight: 400;\">The companies that generate these cookies corresponding to the social networks used by this website have their own cookie policies:<\/span><\/p><p><span style=\"font-weight: 400;\">Facebook and Instagram: https:\/\/www.facebook.com\/help\/323540651073243\/<\/span><\/p><p><span style=\"font-weight: 400;\">The privacy implications will depend on each social network and will depend on the privacy settings you have chosen in these networks. In no case, neither the manager of this website nor the advertisers can obtain personally identifiable information from these cookies.<\/span><\/p><p>\u00a0<\/p><ol start=\"3\"><li><strong> How can I manage and disable these cookies?<\/strong><\/li><\/ol><p><span style=\"font-weight: 400;\">If you do not want the website not to place any cookies on your computer, you can adjust your browser to notify you before any cookies are downloaded.<\/span><\/p><p><span style=\"font-weight: 400;\">You can also change your browser settings so that it rejects all cookies or only third-party cookies. You can also delete any cookies that are already on your computer. Please note that you will have to adapt the settings of each browser and device you use separately.<\/span><\/p><p><span style=\"font-weight: 400;\">https:\/\/grupoterrademar.com\/ makes available to users who wish to prevent the installation of the aforementioned cookies, links provided for this purpose by browsers whose use is considered to be the most widespread:<\/span><\/p><p><a href=\"http:\/\/support.google.com\/chrome\/bin\/answer.py?hl=es-419&amp;answer=95647\" target=\"_blank\" rel=\"noopener\"><span style=\"font-weight: 400;\">Google Chrome<\/span><\/a><\/p><p><a href=\"https:\/\/bigseo.com\/politica-de-cookies\/#ie=ie-10\" target=\"_blank\" rel=\"noopener\"><span style=\"font-weight: 400;\">Internet Explorer<\/span><\/a><\/p><p><a href=\"http:\/\/support.mozilla.org\/es\/kb\/habilitar-y-deshabilitar-cookies-que-los-sitios-we\" target=\"_blank\" rel=\"noopener\"><span style=\"font-weight: 400;\">Mozilla Firefox<\/span><\/a><\/p><p><a href=\"http:\/\/support.apple.com\/kb\/HT1677?viewlocale=es_ES%20%97%20http:\/\/support.apple.com\/kb\/ph5042\" target=\"_blank\" rel=\"noopener\"><span style=\"font-weight: 400;\">Apple Safari<\/span><\/a><\/p>\t\t\t\t\t\t\t\t<\/div>\n\t\t\t\t<\/div>\n\t\t\t\t\t<\/div>\n\t\t<\/div>\n\t\t\t\t\t<\/div>\n\t\t<\/section>\n\t\t\t\t\t<\/div>\n\t\t<\/div>\n\t\t\t\t\t<\/div>\n\t\t<\/section>\n\t\t\t\t<\/div>","protected":false},"excerpt":{"rendered":"<p>POL\u00cdTICA DE COOKIES Tras una auditor\u00eda realizada para la informaci\u00f3n sobre las Cookies que se usan en esta web, le informamos: La LSSI-CE, obliga a todos los que tienen un blog o una web a advertir al usuario de la existencia de cookies, informar sobre ellas y requerirle permiso para descargarlas. Asimismo, tal y como [&hellip;]<\/p>\n","protected":false},"author":1,"featured_media":0,"parent":0,"menu_order":1100,"comment_status":"closed","ping_status":"closed","template":"elementor_theme","meta":{"footnotes":""},"class_list":["post-718","page","type-page","status-publish","hentry"],"_links":{"self":[{"href":"https:\/\/grupoterrademar.com\/en\/wp-json\/wp\/v2\/pages\/718","targetHints":{"allow":["GET"]}}],"collection":[{"href":"https:\/\/grupoterrademar.com\/en\/wp-json\/wp\/v2\/pages"}],"about":[{"href":"https:\/\/grupoterrademar.com\/en\/wp-json\/wp\/v2\/types\/page"}],"author":[{"embeddable":true,"href":"https:\/\/grupoterrademar.com\/en\/wp-json\/wp\/v2\/users\/1"}],"replies":[{"embeddable":true,"href":"https:\/\/grupoterrademar.com\/en\/wp-json\/wp\/v2\/comments?post=718"}],"version-history":[{"count":20,"href":"https:\/\/grupoterrademar.com\/en\/wp-json\/wp\/v2\/pages\/718\/revisions"}],"predecessor-version":[{"id":7329,"href":"https:\/\/grupoterrademar.com\/en\/wp-json\/wp\/v2\/pages\/718\/revisions\/7329"}],"wp:attachment":[{"href":"https:\/\/grupoterrademar.com\/en\/wp-json\/wp\/v2\/media?parent=718"}],"curies":[{"name":"wp","href":"https:\/\/api.w.org\/{rel}","templated":true}]}}