{"id":1588,"date":"2022-05-19T17:53:55","date_gmt":"2022-05-19T17:53:55","guid":{"rendered":"https:\/\/grupoterrademar.com\/?page_id=1588"},"modified":"2024-11-07T07:04:14","modified_gmt":"2024-11-07T07:04:14","slug":"about-us","status":"publish","type":"page","link":"https:\/\/grupoterrademar.com\/en\/about-us\/","title":{"rendered":"About us"},"content":{"rendered":"<div data-elementor-type=\"wp-page\" data-elementor-id=\"1588\" class=\"elementor elementor-1588\" data-elementor-post-type=\"page\">\n\t\t\t\t\t\t<section class=\"elementor-section elementor-top-section elementor-element elementor-element-5143074 elementor-section-full_width elementor-section-height-min-height elementor-section-items-stretch elementor-section-stretched elementor-section-height-default\" data-id=\"5143074\" data-element_type=\"section\" data-e-type=\"section\" data-settings=\"{&quot;stretch_section&quot;:&quot;section-stretched&quot;,&quot;background_background&quot;:&quot;classic&quot;}\">\n\t\t\t\t\t\t<div class=\"elementor-container elementor-column-gap-default\">\n\t\t\t\t\t<div class=\"elementor-column elementor-col-50 elementor-top-column elementor-element elementor-element-0011f01\" data-id=\"0011f01\" data-element_type=\"column\" data-e-type=\"column\" data-settings=\"{&quot;background_background&quot;:&quot;classic&quot;}\">\n\t\t\t<div class=\"elementor-widget-wrap elementor-element-populated\">\n\t\t\t\t\t\t<div class=\"elementor-element elementor-element-9610352 elementor-widget elementor-widget-heading\" data-id=\"9610352\" data-element_type=\"widget\" data-e-type=\"widget\" data-widget_type=\"heading.default\">\n\t\t\t\t<div class=\"elementor-widget-container\">\n\t\t\t\t\t<h2 class=\"elementor-heading-title elementor-size-default\">Journey to Ithaca<\/h2>\t\t\t\t<\/div>\n\t\t\t\t<\/div>\n\t\t\t\t<div class=\"elementor-element elementor-element-16062b0 elementor-widget-divider--view-line elementor-widget elementor-widget-divider\" data-id=\"16062b0\" data-element_type=\"widget\" data-e-type=\"widget\" data-widget_type=\"divider.default\">\n\t\t\t\t<div class=\"elementor-widget-container\">\n\t\t\t\t\t\t\t<div class=\"elementor-divider\">\n\t\t\t<span class=\"elementor-divider-separator\">\n\t\t\t\t\t\t<\/span>\n\t\t<\/div>\n\t\t\t\t\t\t<\/div>\n\t\t\t\t<\/div>\n\t\t\t\t<div class=\"elementor-element elementor-element-20e61f8 elementor-widget elementor-widget-text-editor\" data-id=\"20e61f8\" data-element_type=\"widget\" data-e-type=\"widget\" data-widget_type=\"text-editor.default\">\n\t\t\t\t<div class=\"elementor-widget-container\">\n\t\t\t\t\t\t\t\t\t<p>The poem Journey to Ithaca by Constantine Cavafis reflects our philosophy of life and work.<\/p>\n<p><strong>Enjoy your trip.<\/strong><\/p>\n<p><em><strong>Terra de Mar Group<\/strong><\/em><\/p>\t\t\t\t\t\t\t\t<\/div>\n\t\t\t\t<\/div>\n\t\t\t\t<div class=\"elementor-element elementor-element-52949fe elementor-widget elementor-widget-text-editor\" data-id=\"52949fe\" data-element_type=\"widget\" data-e-type=\"widget\" data-widget_type=\"text-editor.default\">\n\t\t\t\t<div class=\"elementor-widget-container\">\n\t\t\t\t\t\t\t\t\t<p><em>When you embark on your journey to Ithaca<\/em><\/p><p><em>asks that the road be a long one,<\/em><\/p><p><em>full of adventures, full of experiences.<\/em><\/p><p><em>Fear neither Lestrygonians nor Cyclopses<\/em><\/p><p><em>nor the choleric Poseidon,<\/em><\/p><p><em>such beings you will never find on your way,<\/em><\/p><p><em>if your thinking is high, if you select<\/em><\/p><p><em>is the emotion that touches your spirit and your body.<\/em><\/p><p><em>Neither to the Lestrygonians nor to the Cyclopses<\/em><\/p><p><em>nor the wild Poseidon will you find,<\/em><\/p><p><em>if you don't carry them in your soul,<\/em><\/p><p><em>if your soul does not lift them up before you.<\/em><\/p><p>\u00a0<\/p><p><em>Ask for the road to be long.<\/em><\/p><p><em>May summer mornings be many<\/em><\/p><p><em>you arrive - with what pleasure and joy!<\/em><\/p><p><em>to ports never seen before.<\/em><\/p><p><em>Stop at the emporiums of Phoenicia<\/em><\/p><p><em>and get your hands on beautiful goods,<\/em><\/p><p><em>mother-of-pearl and coral, amber and ebony<\/em><\/p><p><em>and all sorts of sensual perfumes,<\/em><\/p><p><em>the more abundant sensual perfumes you can.<\/em><\/p><p><em>Go to many Egyptian cities<\/em><\/p><p><em>to learn, to learn from their wise men.<\/em><\/p><p>\u00a0<\/p><p><em>Always keep Ithaca in your mind.<\/em><\/p><p><em>Getting there is your destination.<\/em><\/p><p><em>But never rush the journey.<\/em><\/p><p><em>It had better last for many years<\/em><\/p><p><em>and dock, old now, on the island,<\/em><\/p><p><em>enriched by how much you gained along the way<\/em><\/p><p><em>without waiting for Ithaca to enrich you.<\/em><\/p><p>\u00a0<\/p><p><em>Ithaca gave you such a beautiful journey.<\/em><\/p><p><em>Without it you would not have set out on the road.<\/em><\/p><p><em>But it no longer has anything to give you.<\/em><\/p><p>\u00a0<\/p><p><em>Even if you find it poor, Ithaca has not deceived you.<\/em><\/p><p><em>So, wise as you have become, with so much experience,<\/em><\/p><p><em>you will understand what the Itacas mean.<\/em><\/p>\t\t\t\t\t\t\t\t<\/div>\n\t\t\t\t<\/div>\n\t\t\t\t\t<\/div>\n\t\t<\/div>\n\t\t\t\t<div class=\"elementor-column elementor-col-50 elementor-top-column elementor-element elementor-element-4665370\" data-id=\"4665370\" data-element_type=\"column\" data-e-type=\"column\" data-settings=\"{&quot;background_background&quot;:&quot;classic&quot;}\">\n\t\t\t<div class=\"elementor-widget-wrap elementor-element-populated\">\n\t\t\t\t\t\t<div class=\"elementor-element elementor-element-32bfbfd elementor-widget elementor-widget-image\" data-id=\"32bfbfd\" data-element_type=\"widget\" data-e-type=\"widget\" data-widget_type=\"image.default\">\n\t\t\t\t<div class=\"elementor-widget-container\">\n\t\t\t\t\t\t\t\t\t\t\t\t\t\t\t<img fetchpriority=\"high\" decoding=\"async\" width=\"235\" height=\"230\" src=\"https:\/\/grupoterrademar.com\/wp-content\/uploads\/2022\/05\/logo-gris.svg\" class=\"attachment-large size-large wp-image-3955\" alt=\"\" \/>\t\t\t\t\t\t\t\t\t\t\t\t\t\t\t<\/div>\n\t\t\t\t<\/div>\n\t\t\t\t<section class=\"elementor-section elementor-inner-section elementor-element elementor-element-cc8c052 elementor-section-boxed elementor-section-height-default elementor-section-height-default\" data-id=\"cc8c052\" data-element_type=\"section\" data-e-type=\"section\">\n\t\t\t\t\t\t<div class=\"elementor-container elementor-column-gap-default\">\n\t\t\t\t\t<div class=\"elementor-column elementor-col-100 elementor-inner-column elementor-element elementor-element-dab47a8\" data-id=\"dab47a8\" data-element_type=\"column\" data-e-type=\"column\">\n\t\t\t<div class=\"elementor-widget-wrap elementor-element-populated\">\n\t\t\t\t\t\t<div class=\"elementor-element elementor-element-1172d00 elementor-widget elementor-widget-image\" data-id=\"1172d00\" data-element_type=\"widget\" data-e-type=\"widget\" data-widget_type=\"image.default\">\n\t\t\t\t<div class=\"elementor-widget-container\">\n\t\t\t\t\t\t\t\t\t\t\t\t\t\t\t<img decoding=\"async\" width=\"658\" height=\"1024\" src=\"https:\/\/grupoterrademar.com\/wp-content\/uploads\/2022\/06\/Ani-004-658x1024.jpg\" class=\"attachment-large size-large wp-image-5369\" alt=\"\" srcset=\"https:\/\/grupoterrademar.com\/wp-content\/uploads\/2022\/06\/Ani-004-658x1024.jpg 658w, https:\/\/grupoterrademar.com\/wp-content\/uploads\/2022\/06\/Ani-004-193x300.jpg 193w, https:\/\/grupoterrademar.com\/wp-content\/uploads\/2022\/06\/Ani-004-768x1195.jpg 768w, https:\/\/grupoterrademar.com\/wp-content\/uploads\/2022\/06\/Ani-004-987x1536.jpg 987w, https:\/\/grupoterrademar.com\/wp-content\/uploads\/2022\/06\/Ani-004.jpg 1063w\" sizes=\"(max-width: 658px) 100vw, 658px\" \/>\t\t\t\t\t\t\t\t\t\t\t\t\t\t\t<\/div>\n\t\t\t\t<\/div>\n\t\t\t\t<div class=\"elementor-element elementor-element-233167d elementor-widget elementor-widget-heading\" data-id=\"233167d\" data-element_type=\"widget\" data-e-type=\"widget\" data-widget_type=\"heading.default\">\n\t\t\t\t<div class=\"elementor-widget-container\">\n\t\t\t\t\t<h2 class=\"elementor-heading-title elementor-size-default\">Ani<\/h2>\t\t\t\t<\/div>\n\t\t\t\t<\/div>\n\t\t\t\t\t<\/div>\n\t\t<\/div>\n\t\t\t\t\t<\/div>\n\t\t<\/section>\n\t\t\t\t<section class=\"elementor-section elementor-inner-section elementor-element elementor-element-4cde7fa elementor-section-boxed elementor-section-height-default elementor-section-height-default\" data-id=\"4cde7fa\" data-element_type=\"section\" data-e-type=\"section\">\n\t\t\t\t\t\t<div class=\"elementor-container elementor-column-gap-default\">\n\t\t\t\t\t<div class=\"elementor-column elementor-col-50 elementor-inner-column elementor-element elementor-element-fd667ee\" data-id=\"fd667ee\" data-element_type=\"column\" data-e-type=\"column\">\n\t\t\t<div class=\"elementor-widget-wrap elementor-element-populated\">\n\t\t\t\t\t\t<div class=\"elementor-element elementor-element-5c298d9 elementor-widget elementor-widget-image\" data-id=\"5c298d9\" data-element_type=\"widget\" data-e-type=\"widget\" data-widget_type=\"image.default\">\n\t\t\t\t<div class=\"elementor-widget-container\">\n\t\t\t\t\t\t\t\t\t\t\t\t\t\t\t<img decoding=\"async\" width=\"658\" height=\"1024\" src=\"https:\/\/grupoterrademar.com\/wp-content\/uploads\/2022\/06\/Carmen-003-658x1024.jpg\" class=\"attachment-large size-large wp-image-5370\" alt=\"\" srcset=\"https:\/\/grupoterrademar.com\/wp-content\/uploads\/2022\/06\/Carmen-003-658x1024.jpg 658w, https:\/\/grupoterrademar.com\/wp-content\/uploads\/2022\/06\/Carmen-003-193x300.jpg 193w, https:\/\/grupoterrademar.com\/wp-content\/uploads\/2022\/06\/Carmen-003-768x1195.jpg 768w, https:\/\/grupoterrademar.com\/wp-content\/uploads\/2022\/06\/Carmen-003-987x1536.jpg 987w, https:\/\/grupoterrademar.com\/wp-content\/uploads\/2022\/06\/Carmen-003.jpg 1063w\" sizes=\"(max-width: 658px) 100vw, 658px\" \/>\t\t\t\t\t\t\t\t\t\t\t\t\t\t\t<\/div>\n\t\t\t\t<\/div>\n\t\t\t\t<div class=\"elementor-element elementor-element-f609a6a elementor-widget elementor-widget-heading\" data-id=\"f609a6a\" data-element_type=\"widget\" data-e-type=\"widget\" data-widget_type=\"heading.default\">\n\t\t\t\t<div class=\"elementor-widget-container\">\n\t\t\t\t\t<h2 class=\"elementor-heading-title elementor-size-default\">Carmen<\/h2>\t\t\t\t<\/div>\n\t\t\t\t<\/div>\n\t\t\t\t\t<\/div>\n\t\t<\/div>\n\t\t\t\t<div class=\"elementor-column elementor-col-50 elementor-inner-column elementor-element elementor-element-4c193d2\" data-id=\"4c193d2\" data-element_type=\"column\" data-e-type=\"column\">\n\t\t\t<div class=\"elementor-widget-wrap elementor-element-populated\">\n\t\t\t\t\t\t<div class=\"elementor-element elementor-element-a2ee610 elementor-widget elementor-widget-image\" data-id=\"a2ee610\" data-element_type=\"widget\" data-e-type=\"widget\" data-widget_type=\"image.default\">\n\t\t\t\t<div class=\"elementor-widget-container\">\n\t\t\t\t\t\t\t\t\t\t\t\t\t\t\t<img loading=\"lazy\" decoding=\"async\" width=\"658\" height=\"1024\" src=\"https:\/\/grupoterrademar.com\/wp-content\/uploads\/2022\/06\/Disen\u0303o-sin-ti\u0301tulo-658x1024.png\" class=\"attachment-large size-large wp-image-7665\" alt=\"Marina\" srcset=\"https:\/\/grupoterrademar.com\/wp-content\/uploads\/2022\/06\/Disen\u0303o-sin-ti\u0301tulo-658x1024.png 658w, https:\/\/grupoterrademar.com\/wp-content\/uploads\/2022\/06\/Disen\u0303o-sin-ti\u0301tulo-193x300.png 193w, https:\/\/grupoterrademar.com\/wp-content\/uploads\/2022\/06\/Disen\u0303o-sin-ti\u0301tulo-768x1195.png 768w, https:\/\/grupoterrademar.com\/wp-content\/uploads\/2022\/06\/Disen\u0303o-sin-ti\u0301tulo-987x1536.png 987w, https:\/\/grupoterrademar.com\/wp-content\/uploads\/2022\/06\/Disen\u0303o-sin-ti\u0301tulo.png 1063w\" sizes=\"(max-width: 658px) 100vw, 658px\" \/>\t\t\t\t\t\t\t\t\t\t\t\t\t\t\t<\/div>\n\t\t\t\t<\/div>\n\t\t\t\t<div class=\"elementor-element elementor-element-3cf797a elementor-widget elementor-widget-heading\" data-id=\"3cf797a\" data-element_type=\"widget\" data-e-type=\"widget\" data-widget_type=\"heading.default\">\n\t\t\t\t<div class=\"elementor-widget-container\">\n\t\t\t\t\t<h2 class=\"elementor-heading-title elementor-size-default\">Marina<\/h2>\t\t\t\t<\/div>\n\t\t\t\t<\/div>\n\t\t\t\t\t<\/div>\n\t\t<\/div>\n\t\t\t\t\t<\/div>\n\t\t<\/section>\n\t\t\t\t\t<\/div>\n\t\t<\/div>\n\t\t\t\t\t<\/div>\n\t\t<\/section>\n\t\t\t\t<\/div>","protected":false},"excerpt":{"rendered":"<p>Viaje a \u00cdtaca El poema Viaje a \u00cdtaca de Constantino Cavafis refleja lo que es para nosotros nuestra filosof\u00eda de vida y de trabajo. Disfruta de tu viaje. Grupo Terra de Mar Cuando emprendas tu viaje a Itaca pide que el camino sea largo, lleno de aventuras, lleno de experiencias. No temas a los lestrigones [&hellip;]<\/p>\n","protected":false},"author":1,"featured_media":0,"parent":0,"menu_order":80,"comment_status":"closed","ping_status":"closed","template":"elementor_header_footer","meta":{"footnotes":""},"class_list":["post-1588","page","type-page","status-publish","hentry"],"_links":{"self":[{"href":"https:\/\/grupoterrademar.com\/en\/wp-json\/wp\/v2\/pages\/1588","targetHints":{"allow":["GET"]}}],"collection":[{"href":"https:\/\/grupoterrademar.com\/en\/wp-json\/wp\/v2\/pages"}],"about":[{"href":"https:\/\/grupoterrademar.com\/en\/wp-json\/wp\/v2\/types\/page"}],"author":[{"embeddable":true,"href":"https:\/\/grupoterrademar.com\/en\/wp-json\/wp\/v2\/users\/1"}],"replies":[{"embeddable":true,"href":"https:\/\/grupoterrademar.com\/en\/wp-json\/wp\/v2\/comments?post=1588"}],"version-history":[{"count":191,"href":"https:\/\/grupoterrademar.com\/en\/wp-json\/wp\/v2\/pages\/1588\/revisions"}],"predecessor-version":[{"id":10088,"href":"https:\/\/grupoterrademar.com\/en\/wp-json\/wp\/v2\/pages\/1588\/revisions\/10088"}],"wp:attachment":[{"href":"https:\/\/grupoterrademar.com\/en\/wp-json\/wp\/v2\/media?parent=1588"}],"curies":[{"name":"wp","href":"https:\/\/api.w.org\/{rel}","templated":true}]}}