{"id":10956,"date":"2025-10-28T12:20:29","date_gmt":"2025-10-28T12:20:29","guid":{"rendered":"https:\/\/grupoterrademar.com\/?page_id=10956"},"modified":"2025-10-29T10:18:11","modified_gmt":"2025-10-29T10:18:11","slug":"cafeteria-restaurante-la-fonda","status":"publish","type":"page","link":"https:\/\/grupoterrademar.com\/en\/the-inn\/cafeteria-restaurante-la-fonda\/","title":{"rendered":"Cafeteria Restaurante &#8211; La Fonda"},"content":{"rendered":"<div data-elementor-type=\"wp-page\" data-elementor-id=\"10956\" class=\"elementor elementor-10956\" data-elementor-post-type=\"page\">\n\t\t\t\t\t\t<section class=\"elementor-section elementor-top-section elementor-element elementor-element-b7adc3a elementor-section-full_width elementor-section-height-min-height elementor-section-items-stretch elementor-section-stretched elementor-section-height-default\" data-id=\"b7adc3a\" data-element_type=\"section\" data-e-type=\"section\" id=\"totop\" data-settings=\"{&quot;stretch_section&quot;:&quot;section-stretched&quot;}\">\n\t\t\t\t\t\t<div class=\"elementor-container elementor-column-gap-default\">\n\t\t\t\t\t<div class=\"elementor-column elementor-col-100 elementor-top-column elementor-element elementor-element-a2b31bc\" data-id=\"a2b31bc\" data-element_type=\"column\" data-e-type=\"column\" data-settings=\"{&quot;background_background&quot;:&quot;classic&quot;}\">\n\t\t\t<div class=\"elementor-widget-wrap elementor-element-populated\">\n\t\t\t\t\t\t<section class=\"elementor-section elementor-inner-section elementor-element elementor-element-f70a412 elementor-section-boxed elementor-section-height-default elementor-section-height-default\" data-id=\"f70a412\" data-element_type=\"section\" data-e-type=\"section\">\n\t\t\t\t\t\t<div class=\"elementor-container elementor-column-gap-default\">\n\t\t\t\t\t<div class=\"elementor-column elementor-col-50 elementor-inner-column elementor-element elementor-element-71bd345\" data-id=\"71bd345\" data-element_type=\"column\" data-e-type=\"column\">\n\t\t\t<div class=\"elementor-widget-wrap elementor-element-populated\">\n\t\t\t\t\t\t<div class=\"elementor-element elementor-element-ce1b878 elementor-widget elementor-widget-heading\" data-id=\"ce1b878\" data-element_type=\"widget\" data-e-type=\"widget\" data-widget_type=\"heading.default\">\n\t\t\t\t<div class=\"elementor-widget-container\">\n\t\t\t\t\t<h1 class=\"elementor-heading-title elementor-size-default\">La Fonda Benissa<\/h1>\t\t\t\t<\/div>\n\t\t\t\t<\/div>\n\t\t\t\t<div class=\"elementor-element elementor-element-d0c68dd elementor-widget elementor-widget-heading\" data-id=\"d0c68dd\" data-element_type=\"widget\" data-e-type=\"widget\" data-widget_type=\"heading.default\">\n\t\t\t\t<div class=\"elementor-widget-container\">\n\t\t\t\t\t<p class=\"elementor-heading-title elementor-size-default\">Cafeter\u00eda Restaurante con encanto<\/p>\t\t\t\t<\/div>\n\t\t\t\t<\/div>\n\t\t\t\t\t<\/div>\n\t\t<\/div>\n\t\t\t\t<div class=\"elementor-column elementor-col-50 elementor-inner-column elementor-element elementor-element-670e99d\" data-id=\"670e99d\" data-element_type=\"column\" data-e-type=\"column\">\n\t\t\t<div class=\"elementor-widget-wrap elementor-element-populated\">\n\t\t\t\t\t\t<div class=\"elementor-element elementor-element-b150c6b elementor-align-right elementor-widget elementor-widget-button\" data-id=\"b150c6b\" data-element_type=\"widget\" data-e-type=\"widget\" data-widget_type=\"button.default\">\n\t\t\t\t<div class=\"elementor-widget-container\">\n\t\t\t\t\t\t\t\t\t<div class=\"elementor-button-wrapper\">\n\t\t\t\t\t<a class=\"elementor-button elementor-button-link elementor-size-sm\" href=\"tel:+34695438184\" target=\"_blank\">\n\t\t\t\t\t\t<span class=\"elementor-button-content-wrapper\">\n\t\t\t\t\t\t\t\t\t<span class=\"elementor-button-text\">Book now<\/span>\n\t\t\t\t\t<\/span>\n\t\t\t\t\t<\/a>\n\t\t\t\t<\/div>\n\t\t\t\t\t\t\t\t<\/div>\n\t\t\t\t<\/div>\n\t\t\t\t\t<\/div>\n\t\t<\/div>\n\t\t\t\t\t<\/div>\n\t\t<\/section>\n\t\t\t\t<div class=\"elementor-element elementor-element-a070549 elementor-widget elementor-widget-gallery\" data-id=\"a070549\" data-element_type=\"widget\" data-e-type=\"widget\" data-settings=\"{&quot;gallery_layout&quot;:&quot;justified&quot;,&quot;ideal_row_height&quot;:{&quot;unit&quot;:&quot;px&quot;,&quot;size&quot;:300,&quot;sizes&quot;:[]},&quot;overlay_title&quot;:&quot;description&quot;,&quot;_animation&quot;:&quot;none&quot;,&quot;ideal_row_height_mobile&quot;:{&quot;unit&quot;:&quot;px&quot;,&quot;size&quot;:120,&quot;sizes&quot;:[]},&quot;lazyload&quot;:&quot;yes&quot;,&quot;ideal_row_height_tablet&quot;:{&quot;unit&quot;:&quot;px&quot;,&quot;size&quot;:150,&quot;sizes&quot;:[]},&quot;gap&quot;:{&quot;unit&quot;:&quot;px&quot;,&quot;size&quot;:10,&quot;sizes&quot;:[]},&quot;gap_tablet&quot;:{&quot;unit&quot;:&quot;px&quot;,&quot;size&quot;:10,&quot;sizes&quot;:[]},&quot;gap_mobile&quot;:{&quot;unit&quot;:&quot;px&quot;,&quot;size&quot;:10,&quot;sizes&quot;:[]},&quot;link_to&quot;:&quot;file&quot;,&quot;overlay_background&quot;:&quot;yes&quot;,&quot;content_hover_animation&quot;:&quot;fade-in&quot;}\" data-widget_type=\"gallery.default\">\n\t\t\t\t<div class=\"elementor-widget-container\">\n\t\t\t\t\t\t\t<div class=\"elementor-gallery__container\">\n\t\t\t\t\t\t\t<a class=\"e-gallery-item elementor-gallery-item elementor-animated-content\" href=\"https:\/\/grupoterrademar.com\/wp-content\/uploads\/2025\/10\/Imagen-de-WhatsApp-2025-09-22-a-las-13.37.37_8bc3c53f-RTE3.jpg\" data-elementor-open-lightbox=\"yes\" data-elementor-lightbox-slideshow=\"a070549\" data-elementor-lightbox-title=\"Imagen de WhatsApp 2025-09-22 a las 13.37.37_8bc3c53f-RTE3\" data-e-action-hash=\"#elementor-action%3Aaction%3Dlightbox%26settings%3DeyJpZCI6MTA5NjUsInVybCI6Imh0dHBzOlwvXC9ncnVwb3RlcnJhZGVtYXIuY29tXC93cC1jb250ZW50XC91cGxvYWRzXC8yMDI1XC8xMFwvSW1hZ2VuLWRlLVdoYXRzQXBwLTIwMjUtMDktMjItYS1sYXMtMTMuMzcuMzdfOGJjM2M1M2YtUlRFMy5qcGciLCJzbGlkZXNob3ciOiJhMDcwNTQ5In0%3D\">\n\t\t\t\t\t<div class=\"e-gallery-image elementor-gallery-item__image\" data-thumbnail=\"https:\/\/grupoterrademar.com\/wp-content\/uploads\/2025\/10\/Imagen-de-WhatsApp-2025-09-22-a-las-13.37.37_8bc3c53f-RTE3-768x444.jpg\" data-width=\"768\" data-height=\"444\" aria-label=\"\" role=\"img\" ><\/div>\n\t\t\t\t\t\t\t\t\t\t\t<div class=\"elementor-gallery-item__overlay\"><\/div>\n\t\t\t\t\t\t\t\t\t\t\t\t\t\t\t<div class=\"elementor-gallery-item__content\">\n\t\t\t\t\t\t\t\t\t\t\t<\/div>\n\t\t\t\t\t\t\t\t\t<\/a>\n\t\t\t\t\t\t\t<a class=\"e-gallery-item elementor-gallery-item elementor-animated-content\" href=\"https:\/\/grupoterrademar.com\/wp-content\/uploads\/2025\/10\/Imagen-de-WhatsApp-2025-09-22-a-las-13.37.36_5cbf6f71-rte.1.jpg\" data-elementor-open-lightbox=\"yes\" data-elementor-lightbox-slideshow=\"a070549\" data-elementor-lightbox-title=\"Imagen de WhatsApp 2025-09-22 a las 13.37.36_5cbf6f71-rte.1\" data-e-action-hash=\"#elementor-action%3Aaction%3Dlightbox%26settings%3DeyJpZCI6MTA5NjQsInVybCI6Imh0dHBzOlwvXC9ncnVwb3RlcnJhZGVtYXIuY29tXC93cC1jb250ZW50XC91cGxvYWRzXC8yMDI1XC8xMFwvSW1hZ2VuLWRlLVdoYXRzQXBwLTIwMjUtMDktMjItYS1sYXMtMTMuMzcuMzZfNWNiZjZmNzEtcnRlLjEuanBnIiwic2xpZGVzaG93IjoiYTA3MDU0OSJ9\">\n\t\t\t\t\t<div class=\"e-gallery-image elementor-gallery-item__image\" data-thumbnail=\"https:\/\/grupoterrademar.com\/wp-content\/uploads\/2025\/10\/Imagen-de-WhatsApp-2025-09-22-a-las-13.37.36_5cbf6f71-rte.1-768x432.jpg\" data-width=\"768\" data-height=\"432\" aria-label=\"\" role=\"img\" ><\/div>\n\t\t\t\t\t\t\t\t\t\t\t<div class=\"elementor-gallery-item__overlay\"><\/div>\n\t\t\t\t\t\t\t\t\t\t\t\t\t\t\t<div class=\"elementor-gallery-item__content\">\n\t\t\t\t\t\t\t\t\t\t\t<\/div>\n\t\t\t\t\t\t\t\t\t<\/a>\n\t\t\t\t\t\t\t<a class=\"e-gallery-item elementor-gallery-item elementor-animated-content\" href=\"https:\/\/grupoterrademar.com\/wp-content\/uploads\/2025\/10\/Imagen-de-WhatsApp-2025-09-22-a-las-13.37.35_49b8d23e-cafeteria6.jpg\" data-elementor-open-lightbox=\"yes\" data-elementor-lightbox-slideshow=\"a070549\" data-elementor-lightbox-title=\"Imagen de WhatsApp 2025-09-22 a las 13.37.35_49b8d23e-cafeteria6\" data-e-action-hash=\"#elementor-action%3Aaction%3Dlightbox%26settings%3DeyJpZCI6MTA5NjMsInVybCI6Imh0dHBzOlwvXC9ncnVwb3RlcnJhZGVtYXIuY29tXC93cC1jb250ZW50XC91cGxvYWRzXC8yMDI1XC8xMFwvSW1hZ2VuLWRlLVdoYXRzQXBwLTIwMjUtMDktMjItYS1sYXMtMTMuMzcuMzVfNDliOGQyM2UtY2FmZXRlcmlhNi5qcGciLCJzbGlkZXNob3ciOiJhMDcwNTQ5In0%3D\">\n\t\t\t\t\t<div class=\"e-gallery-image elementor-gallery-item__image\" data-thumbnail=\"https:\/\/grupoterrademar.com\/wp-content\/uploads\/2025\/10\/Imagen-de-WhatsApp-2025-09-22-a-las-13.37.35_49b8d23e-cafeteria6-768x432.jpg\" data-width=\"768\" data-height=\"432\" aria-label=\"\" role=\"img\" ><\/div>\n\t\t\t\t\t\t\t\t\t\t\t<div class=\"elementor-gallery-item__overlay\"><\/div>\n\t\t\t\t\t\t\t\t\t\t\t\t\t\t\t<div class=\"elementor-gallery-item__content\">\n\t\t\t\t\t\t\t\t\t\t\t<\/div>\n\t\t\t\t\t\t\t\t\t<\/a>\n\t\t\t\t\t\t\t<a class=\"e-gallery-item elementor-gallery-item elementor-animated-content\" href=\"https:\/\/grupoterrademar.com\/wp-content\/uploads\/2025\/10\/Imagen-de-WhatsApp-2025-09-22-a-las-13.37.34_ad5ef23f-cafeteria3.jpg\" data-elementor-open-lightbox=\"yes\" data-elementor-lightbox-slideshow=\"a070549\" data-elementor-lightbox-title=\"Imagen de WhatsApp 2025-09-22 a las 13.37.34_ad5ef23f-cafeteria3\" data-e-action-hash=\"#elementor-action%3Aaction%3Dlightbox%26settings%3DeyJpZCI6MTA5NjIsInVybCI6Imh0dHBzOlwvXC9ncnVwb3RlcnJhZGVtYXIuY29tXC93cC1jb250ZW50XC91cGxvYWRzXC8yMDI1XC8xMFwvSW1hZ2VuLWRlLVdoYXRzQXBwLTIwMjUtMDktMjItYS1sYXMtMTMuMzcuMzRfYWQ1ZWYyM2YtY2FmZXRlcmlhMy5qcGciLCJzbGlkZXNob3ciOiJhMDcwNTQ5In0%3D\">\n\t\t\t\t\t<div class=\"e-gallery-image elementor-gallery-item__image\" data-thumbnail=\"https:\/\/grupoterrademar.com\/wp-content\/uploads\/2025\/10\/Imagen-de-WhatsApp-2025-09-22-a-las-13.37.34_ad5ef23f-cafeteria3-768x1267.jpg\" data-width=\"768\" data-height=\"1267\" aria-label=\"\" role=\"img\" ><\/div>\n\t\t\t\t\t\t\t\t\t\t\t<div class=\"elementor-gallery-item__overlay\"><\/div>\n\t\t\t\t\t\t\t\t\t\t\t\t\t\t\t<div class=\"elementor-gallery-item__content\">\n\t\t\t\t\t\t\t\t\t\t\t<\/div>\n\t\t\t\t\t\t\t\t\t<\/a>\n\t\t\t\t\t\t\t<a class=\"e-gallery-item elementor-gallery-item elementor-animated-content\" href=\"https:\/\/grupoterrademar.com\/wp-content\/uploads\/2025\/10\/Imagen-de-WhatsApp-2025-09-22-a-las-13.37.34_433e8f7cafeteria1.jpg\" data-elementor-open-lightbox=\"yes\" data-elementor-lightbox-slideshow=\"a070549\" data-elementor-lightbox-title=\"Imagen de WhatsApp 2025-09-22 a las 13.37.34_433e8f7cafeteria1\" data-e-action-hash=\"#elementor-action%3Aaction%3Dlightbox%26settings%3DeyJpZCI6MTA5NjEsInVybCI6Imh0dHBzOlwvXC9ncnVwb3RlcnJhZGVtYXIuY29tXC93cC1jb250ZW50XC91cGxvYWRzXC8yMDI1XC8xMFwvSW1hZ2VuLWRlLVdoYXRzQXBwLTIwMjUtMDktMjItYS1sYXMtMTMuMzcuMzRfNDMzZThmN2NhZmV0ZXJpYTEuanBnIiwic2xpZGVzaG93IjoiYTA3MDU0OSJ9\">\n\t\t\t\t\t<div class=\"e-gallery-image elementor-gallery-item__image\" data-thumbnail=\"https:\/\/grupoterrademar.com\/wp-content\/uploads\/2025\/10\/Imagen-de-WhatsApp-2025-09-22-a-las-13.37.34_433e8f7cafeteria1-768x512.jpg\" data-width=\"768\" data-height=\"512\" aria-label=\"\" role=\"img\" ><\/div>\n\t\t\t\t\t\t\t\t\t\t\t<div class=\"elementor-gallery-item__overlay\"><\/div>\n\t\t\t\t\t\t\t\t\t\t\t\t\t\t\t<div class=\"elementor-gallery-item__content\">\n\t\t\t\t\t\t\t\t\t\t\t<\/div>\n\t\t\t\t\t\t\t\t\t<\/a>\n\t\t\t\t\t<\/div>\n\t\t\t\t\t<\/div>\n\t\t\t\t<\/div>\n\t\t\t\t<section class=\"elementor-section elementor-inner-section elementor-element elementor-element-a2895a1 elementor-section-boxed elementor-section-height-default elementor-section-height-default\" data-id=\"a2895a1\" data-element_type=\"section\" data-e-type=\"section\">\n\t\t\t\t\t\t<div class=\"elementor-container elementor-column-gap-default\">\n\t\t\t\t\t<div class=\"elementor-column elementor-col-50 elementor-inner-column elementor-element elementor-element-96111e8\" data-id=\"96111e8\" data-element_type=\"column\" data-e-type=\"column\">\n\t\t\t<div class=\"elementor-widget-wrap elementor-element-populated\">\n\t\t\t\t\t\t<div class=\"elementor-element elementor-element-c998bd2 elementor-widget elementor-widget-text-editor\" data-id=\"c998bd2\" data-element_type=\"widget\" data-e-type=\"widget\" data-widget_type=\"text-editor.default\">\n\t\t\t\t<div class=\"elementor-widget-container\">\n\t\t\t\t\t\t\t\t\t<p>En el coraz\u00f3n de Benissa, La Fonda te invita a disfrutar de <b>un espacio con alma: c\u00e1lido, acogedor y lleno de detalles que enamoran<\/b>. Un lugar donde el tiempo se detiene entre el aroma del caf\u00e9 reci\u00e9n hecho, la luz suave de las l\u00e1mparas y el calor de la chimenea.<\/p><p>Aqu\u00ed puedes venir a comer o cenar con calma, compartir una copa con tus amigos o simplemente relajarte en buena compa\u00f1\u00eda. Nos encantan los animales, por eso tu mascota tambi\u00e9n es bienvenida \ud83d\udc3e<\/p><p>D\u00e9jate envolver por su ambiente elegante y tranquilo, sus murales tropicales, los sillones verdes junto al fuego y la barra de m\u00e1rmol que invita a brindar por los peque\u00f1os momentos de la vida.<\/p><p><strong>Un rinc\u00f3n con encanto donde cada visita se convierte en un recuerdo bonito.<\/strong><\/p>\t\t\t\t\t\t\t\t<\/div>\n\t\t\t\t<\/div>\n\t\t\t\t\t<\/div>\n\t\t<\/div>\n\t\t\t\t<div class=\"elementor-column elementor-col-50 elementor-inner-column elementor-element elementor-element-670e7d6\" data-id=\"670e7d6\" data-element_type=\"column\" data-e-type=\"column\">\n\t\t\t<div class=\"elementor-widget-wrap elementor-element-populated\">\n\t\t\t\t\t\t<div class=\"elementor-element elementor-element-1c7aa61 elementor-widget elementor-widget-heading\" data-id=\"1c7aa61\" data-element_type=\"widget\" data-e-type=\"widget\" data-widget_type=\"heading.default\">\n\t\t\t\t<div class=\"elementor-widget-container\">\n\t\t\t\t\t<span class=\"elementor-heading-title elementor-size-default\">HORARIO APERTURA<\/span>\t\t\t\t<\/div>\n\t\t\t\t<\/div>\n\t\t\t\t<div class=\"elementor-element elementor-element-2b6054f elementor-widget elementor-widget-text-editor\" data-id=\"2b6054f\" data-element_type=\"widget\" data-e-type=\"widget\" data-widget_type=\"text-editor.default\">\n\t\t\t\t<div class=\"elementor-widget-container\">\n\t\t\t\t\t\t\t\t\t<p><strong>Lunes<\/strong>: cerrado<\/p><p><strong>Martes<\/strong>: 09:00h &#8211; 15:30h | 19:00h &#8211; 22:00h<\/p><p><strong>Mi\u00e9rcoles<\/strong>: 09:00h &#8211; 15:30h | 19:00h &#8211; 22:00h<\/p><p><strong>Jueves<\/strong>: 09:00h &#8211; 15:30h | 19:00h &#8211; 22:00h<\/p><p><strong>Viernes<\/strong>: 09:00h &#8211; 15:30h | 19:00h &#8211; 22:00h<\/p><p><strong>S\u00e1bado<\/strong>: 09:00h &#8211; 15:30h | 19:00h &#8211; 22:00h<\/p><p><strong>Domingo<\/strong>: 10:00h &#8211; 17:00h<\/p>\t\t\t\t\t\t\t\t<\/div>\n\t\t\t\t<\/div>\n\t\t\t\t\t<\/div>\n\t\t<\/div>\n\t\t\t\t\t<\/div>\n\t\t<\/section>\n\t\t\t\t\t<\/div>\n\t\t<\/div>\n\t\t\t\t\t<\/div>\n\t\t<\/section>\n\t\t\t\t<section class=\"elementor-section elementor-top-section elementor-element elementor-element-c3db250 elementor-section-full_width elementor-section-stretched elementor-section-height-min-height elementor-section-items-stretch elementor-section-height-default\" data-id=\"c3db250\" data-element_type=\"section\" data-e-type=\"section\" data-settings=\"{&quot;stretch_section&quot;:&quot;section-stretched&quot;,&quot;background_background&quot;:&quot;classic&quot;}\">\n\t\t\t\t\t\t<div class=\"elementor-container elementor-column-gap-default\">\n\t\t\t\t\t<div class=\"elementor-column elementor-col-100 elementor-top-column elementor-element elementor-element-ecef891\" data-id=\"ecef891\" data-element_type=\"column\" data-e-type=\"column\" data-settings=\"{&quot;background_background&quot;:&quot;classic&quot;}\">\n\t\t\t<div class=\"elementor-widget-wrap elementor-element-populated\">\n\t\t\t\t\t\t<div class=\"elementor-element elementor-element-5af9229 elementor-widget elementor-widget-html\" data-id=\"5af9229\" data-element_type=\"widget\" data-e-type=\"widget\" data-widget_type=\"html.default\">\n\t\t\t\t<div class=\"elementor-widget-container\">\n\t\t\t\t\t<iframe src=\"https:\/\/www.google.com\/maps\/embed?pb=!1m18!1m12!1m3!1d3113.1971425445804!2d0.04276187595590212!3d38.71328257176392!2m3!1f0!2f0!3f0!3m2!1i1024!2i768!4f13.1!3m3!1m2!1s0x129e01cf6d64a82f%3A0xc34f59f023b60868!2sCAFETERIA%20RESTAURANTE%20LA%20FONDA%20BENISSA!5e0!3m2!1ses!2ses!4v1761731378516!5m2!1ses!2ses\" width=\"600\" height=\"500\" style=\"border:0;\" allowfullscreen=\"\" loading=\"lazy\" referrerpolicy=\"no-referrer-when-downgrade\"><\/iframe>\t\t\t\t<\/div>\n\t\t\t\t<\/div>\n\t\t\t\t\t<\/div>\n\t\t<\/div>\n\t\t\t\t\t<\/div>\n\t\t<\/section>\n\t\t\t\t<\/div>","protected":false},"excerpt":{"rendered":"<p>La Fonda Benissa Cafeter\u00eda Restaurante con encanto Reservar ahora En el coraz\u00f3n de Benissa, La Fonda te invita a disfrutar de un espacio con alma: c\u00e1lido, acogedor y lleno de detalles que enamoran. Un lugar donde el tiempo se detiene entre el aroma del caf\u00e9 reci\u00e9n hecho, la luz suave de las l\u00e1mparas y el [&hellip;]<\/p>\n","protected":false},"author":5,"featured_media":10964,"parent":3579,"menu_order":55,"comment_status":"closed","ping_status":"closed","template":"elementor_header_footer","meta":{"footnotes":""},"class_list":["post-10956","page","type-page","status-publish","has-post-thumbnail","hentry"],"_links":{"self":[{"href":"https:\/\/grupoterrademar.com\/en\/wp-json\/wp\/v2\/pages\/10956","targetHints":{"allow":["GET"]}}],"collection":[{"href":"https:\/\/grupoterrademar.com\/en\/wp-json\/wp\/v2\/pages"}],"about":[{"href":"https:\/\/grupoterrademar.com\/en\/wp-json\/wp\/v2\/types\/page"}],"author":[{"embeddable":true,"href":"https:\/\/grupoterrademar.com\/en\/wp-json\/wp\/v2\/users\/5"}],"replies":[{"embeddable":true,"href":"https:\/\/grupoterrademar.com\/en\/wp-json\/wp\/v2\/comments?post=10956"}],"version-history":[{"count":53,"href":"https:\/\/grupoterrademar.com\/en\/wp-json\/wp\/v2\/pages\/10956\/revisions"}],"predecessor-version":[{"id":11021,"href":"https:\/\/grupoterrademar.com\/en\/wp-json\/wp\/v2\/pages\/10956\/revisions\/11021"}],"up":[{"embeddable":true,"href":"https:\/\/grupoterrademar.com\/en\/wp-json\/wp\/v2\/pages\/3579"}],"wp:featuredmedia":[{"embeddable":true,"href":"https:\/\/grupoterrademar.com\/en\/wp-json\/wp\/v2\/media\/10964"}],"wp:attachment":[{"href":"https:\/\/grupoterrademar.com\/en\/wp-json\/wp\/v2\/media?parent=10956"}],"curies":[{"name":"wp","href":"https:\/\/api.w.org\/{rel}","templated":true}]}}