{"id":9752,"date":"2024-08-05T10:19:30","date_gmt":"2024-08-05T10:19:30","guid":{"rendered":"https:\/\/grupoterrademar.com\/?page_id=9752"},"modified":"2025-01-18T20:19:15","modified_gmt":"2025-01-18T20:19:15","slug":"erfahrungen","status":"publish","type":"page","link":"https:\/\/grupoterrademar.com\/de\/erfahrungen\/","title":{"rendered":"Erlebnisse"},"content":{"rendered":"<div data-elementor-type=\"wp-page\" data-elementor-id=\"9752\" class=\"elementor elementor-9752\" data-elementor-post-type=\"page\">\n\t\t\t\t\t\t<section class=\"elementor-section elementor-top-section elementor-element elementor-element-82e9677 elementor-section-boxed elementor-section-height-default elementor-section-height-default\" data-id=\"82e9677\" data-element_type=\"section\" data-e-type=\"section\">\n\t\t\t\t\t\t<div class=\"elementor-container elementor-column-gap-default\">\n\t\t\t\t\t<div class=\"elementor-column elementor-col-50 elementor-top-column elementor-element elementor-element-d4c21ad\" data-id=\"d4c21ad\" data-element_type=\"column\" data-e-type=\"column\">\n\t\t\t<div class=\"elementor-widget-wrap elementor-element-populated\">\n\t\t\t\t\t\t<div class=\"elementor-element elementor-element-8d73ed4 elementor-cta--skin-classic elementor-animated-content elementor-bg-transform elementor-bg-transform-zoom-in elementor-widget elementor-widget-call-to-action\" data-id=\"8d73ed4\" data-element_type=\"widget\" data-e-type=\"widget\" data-widget_type=\"call-to-action.default\">\n\t\t\t\t<div class=\"elementor-widget-container\">\n\t\t\t\t\t\t\t<div class=\"elementor-cta\">\n\t\t\t\t\t<div class=\"elementor-cta__bg-wrapper\">\n\t\t\t\t<div class=\"elementor-cta__bg elementor-bg\" style=\"background-image: url(https:\/\/grupoterrademar.com\/wp-content\/uploads\/2024\/08\/experiencia-vino-1024x675.png);\" role=\"img\" aria-label=\"Weinerlebnis\"><\/div>\n\t\t\t\t<div class=\"elementor-cta__bg-overlay\"><\/div>\n\t\t\t<\/div>\n\t\t\t\t\t\t\t<div class=\"elementor-cta__content\">\n\t\t\t\t\n\t\t\t\t\t\t\t\t\t<h2 class=\"elementor-cta__title elementor-cta__content-item elementor-content-item\">\n\t\t\t\t\t\tErlebnis Weinverkostung\t\t\t\t\t<\/h2>\n\t\t\t\t\n\t\t\t\t\t\t\t\t\t<div class=\"elementor-cta__description elementor-cta__content-item elementor-content-item\">\n\t\t\t\t\t\tWenn Sie auf der Suche nach einer authentischen und bereichernden Erfahrung in der Region Teulada sind, ist ein Besuch der Bodegas Montesanco ein Muss.\t\t\t\t\t<\/div>\n\t\t\t\t\n\t\t\t\t\t\t\t\t\t<div class=\"elementor-cta__button-wrapper elementor-cta__content-item elementor-content-item\">\n\t\t\t\t\t<a class=\"elementor-cta__button elementor-button elementor-size-\" href=\"https:\/\/grupoterrademar.com\/de\/entdecken-sie-das-montesanco-erlebnis-tradition-nachhaltigkeit-und-geschmack-im-herzen-von-teulada\/\">\n\t\t\t\t\t\tWeitere Informationen\t\t\t\t\t<\/a>\n\t\t\t\t\t<\/div>\n\t\t\t\t\t\t\t<\/div>\n\t\t\t\t\t\t<\/div>\n\t\t\t\t\t\t<\/div>\n\t\t\t\t<\/div>\n\t\t\t\t<div class=\"elementor-element elementor-element-894eb9b elementor-cta--skin-classic elementor-animated-content elementor-bg-transform elementor-bg-transform-zoom-in elementor-widget elementor-widget-call-to-action\" data-id=\"894eb9b\" data-element_type=\"widget\" data-e-type=\"widget\" data-widget_type=\"call-to-action.default\">\n\t\t\t\t<div class=\"elementor-widget-container\">\n\t\t\t\t\t\t\t<div class=\"elementor-cta\">\n\t\t\t\t\t<div class=\"elementor-cta__bg-wrapper\">\n\t\t\t\t<div class=\"elementor-cta__bg elementor-bg\" style=\"background-image: url(https:\/\/grupoterrademar.com\/wp-content\/uploads\/2024\/08\/paseo-en-lancha-1024x683.jpg);\" role=\"img\" aria-label=\"BOOTFAHRT\"><\/div>\n\t\t\t\t<div class=\"elementor-cta__bg-overlay\"><\/div>\n\t\t\t<\/div>\n\t\t\t\t\t\t\t<div class=\"elementor-cta__content\">\n\t\t\t\t\n\t\t\t\t\t\t\t\t\t<h2 class=\"elementor-cta__title elementor-cta__content-item elementor-content-item\">\n\t\t\t\t\t\tBootsfahrt an der Costa Blanca\t\t\t\t\t<\/h2>\n\t\t\t\t\n\t\t\t\t\t\t\t\t\t<div class=\"elementor-cta__description elementor-cta__content-item elementor-content-item\">\n\t\t\t\t\t\tEntdecken Sie unglaubliche Buchten und genie\u00dfen Sie die besten Gew\u00e4sser bei einer Bootsfahrt an der Costa Blanca.\t\t\t\t\t<\/div>\n\t\t\t\t\n\t\t\t\t\t\t\t\t\t<div class=\"elementor-cta__button-wrapper elementor-cta__content-item elementor-content-item\">\n\t\t\t\t\t<a class=\"elementor-cta__button elementor-button elementor-size-\">\n\t\t\t\t\t\tKlicken Sie hier\t\t\t\t\t<\/a>\n\t\t\t\t\t<\/div>\n\t\t\t\t\t\t\t<\/div>\n\t\t\t\t\t\t<\/div>\n\t\t\t\t\t\t<\/div>\n\t\t\t\t<\/div>\n\t\t\t\t\t<\/div>\n\t\t<\/div>\n\t\t\t\t<div class=\"elementor-column elementor-col-50 elementor-top-column elementor-element elementor-element-5747fc1\" data-id=\"5747fc1\" data-element_type=\"column\" data-e-type=\"column\">\n\t\t\t<div class=\"elementor-widget-wrap elementor-element-populated\">\n\t\t\t\t\t\t<div class=\"elementor-element elementor-element-9cf8f4e elementor-cta--skin-classic elementor-animated-content elementor-bg-transform elementor-bg-transform-zoom-in elementor-widget elementor-widget-call-to-action\" data-id=\"9cf8f4e\" data-element_type=\"widget\" data-e-type=\"widget\" data-widget_type=\"call-to-action.default\">\n\t\t\t\t<div class=\"elementor-widget-container\">\n\t\t\t\t\t\t\t<div class=\"elementor-cta\">\n\t\t\t\t\t<div class=\"elementor-cta__bg-wrapper\">\n\t\t\t\t<div class=\"elementor-cta__bg elementor-bg\" style=\"background-image: url(https:\/\/grupoterrademar.com\/wp-content\/uploads\/2024\/08\/experiencia-buceo-1024x682.jpg);\" role=\"img\" aria-label=\"Taucherfahrung\"><\/div>\n\t\t\t\t<div class=\"elementor-cta__bg-overlay\"><\/div>\n\t\t\t<\/div>\n\t\t\t\t\t\t\t<div class=\"elementor-cta__content\">\n\t\t\t\t\n\t\t\t\t\t\t\t\t\t<h2 class=\"elementor-cta__title elementor-cta__content-item elementor-content-item\">\n\t\t\t\t\t\tTauchen an der Costa Blanca\t\t\t\t\t<\/h2>\n\t\t\t\t\n\t\t\t\t\t\t\t\t\t<div class=\"elementor-cta__description elementor-cta__content-item elementor-content-item\">\n\t\t\t\t\t\tTauchen Sie ein in die unglaublichen Gew\u00e4sser der Costa Blanca und entdecken Sie die wunderbare Unterwasserwelt, die sie verbirgt.\t\t\t\t\t<\/div>\n\t\t\t\t\n\t\t\t\t\t\t\t\t\t<div class=\"elementor-cta__button-wrapper elementor-cta__content-item elementor-content-item\">\n\t\t\t\t\t<a class=\"elementor-cta__button elementor-button elementor-size-\">\n\t\t\t\t\t\tKlicken Sie hier\t\t\t\t\t<\/a>\n\t\t\t\t\t<\/div>\n\t\t\t\t\t\t\t<\/div>\n\t\t\t\t\t\t<\/div>\n\t\t\t\t\t\t<\/div>\n\t\t\t\t<\/div>\n\t\t\t\t<div class=\"elementor-element elementor-element-ac85f56 elementor-cta--skin-classic elementor-animated-content elementor-bg-transform elementor-bg-transform-zoom-in elementor-widget elementor-widget-call-to-action\" data-id=\"ac85f56\" data-element_type=\"widget\" data-e-type=\"widget\" data-widget_type=\"call-to-action.default\">\n\t\t\t\t<div class=\"elementor-widget-container\">\n\t\t\t\t\t\t\t<div class=\"elementor-cta\">\n\t\t\t\t\t<div class=\"elementor-cta__bg-wrapper\">\n\t\t\t\t<div class=\"elementor-cta__bg elementor-bg\" style=\"background-image: url(https:\/\/grupoterrademar.com\/wp-content\/uploads\/2024\/08\/experiencia-miel-montgo-1024x939.png);\" role=\"img\" aria-label=\"handwerklicher honig cabo san antonio javea\"><\/div>\n\t\t\t\t<div class=\"elementor-cta__bg-overlay\"><\/div>\n\t\t\t<\/div>\n\t\t\t\t\t\t\t<div class=\"elementor-cta__content\">\n\t\t\t\t\n\t\t\t\t\t\t\t\t\t<h2 class=\"elementor-cta__title elementor-cta__content-item elementor-content-item\">\n\t\t\t\t\t\tMontg\u00f3 Honig erleben\t\t\t\t\t<\/h2>\n\t\t\t\t\n\t\t\t\t\t\t\t\t\t<div class=\"elementor-cta__description elementor-cta__content-item elementor-content-item\">\n\t\t\t\t\t\tGenie\u00dfen Sie einen Naturspaziergang, bei dem Sie die Botanik des Montg\u00f3 und die T\u00e4tigkeit eines Imkers aus n\u00e4chster N\u00e4he kennen lernen, und genie\u00dfen Sie eine k\u00f6stliche Honigverkostung.\t\t\t\t\t<\/div>\n\t\t\t\t\n\t\t\t\t\t\t\t\t\t<div class=\"elementor-cta__button-wrapper elementor-cta__content-item elementor-content-item\">\n\t\t\t\t\t<a class=\"elementor-cta__button elementor-button elementor-size-\" href=\"https:\/\/grupoterrademar.com\/de\/entdecken-sie-die-faszinierende-welt-der-bienen-honig-montgo-imkerei-erleben-corazon-montgo\/\" target=\"_blank\">\n\t\t\t\t\t\tKlicken Sie hier\t\t\t\t\t<\/a>\n\t\t\t\t\t<\/div>\n\t\t\t\t\t\t\t<\/div>\n\t\t\t\t\t\t<\/div>\n\t\t\t\t\t\t<\/div>\n\t\t\t\t<\/div>\n\t\t\t\t\t<\/div>\n\t\t<\/div>\n\t\t\t\t\t<\/div>\n\t\t<\/section>\n\t\t\t\t<\/div>","protected":false},"excerpt":{"rendered":"<p>Experiencia cata de vinos Si est\u00e1s buscando una experiencia aut\u00e9ntica y enriquecedora en la zona de Teulada, una visita a las Bodegas Montesanco es una parada obligatoria. M\u00e1s informaci\u00f3n Paseo en barco en la Costa Blanca Descubre calas incre\u00edbles y disfruta de las mejores aguas disfrutando de un paseo en barco en la Costa Blanca. [&hellip;]<\/p>\n","protected":false},"author":1,"featured_media":0,"parent":0,"menu_order":0,"comment_status":"closed","ping_status":"closed","template":"","meta":{"footnotes":""},"class_list":["post-9752","page","type-page","status-publish","hentry"],"_links":{"self":[{"href":"https:\/\/grupoterrademar.com\/de\/wp-json\/wp\/v2\/pages\/9752","targetHints":{"allow":["GET"]}}],"collection":[{"href":"https:\/\/grupoterrademar.com\/de\/wp-json\/wp\/v2\/pages"}],"about":[{"href":"https:\/\/grupoterrademar.com\/de\/wp-json\/wp\/v2\/types\/page"}],"author":[{"embeddable":true,"href":"https:\/\/grupoterrademar.com\/de\/wp-json\/wp\/v2\/users\/1"}],"replies":[{"embeddable":true,"href":"https:\/\/grupoterrademar.com\/de\/wp-json\/wp\/v2\/comments?post=9752"}],"version-history":[{"count":40,"href":"https:\/\/grupoterrademar.com\/de\/wp-json\/wp\/v2\/pages\/9752\/revisions"}],"predecessor-version":[{"id":10123,"href":"https:\/\/grupoterrademar.com\/de\/wp-json\/wp\/v2\/pages\/9752\/revisions\/10123"}],"wp:attachment":[{"href":"https:\/\/grupoterrademar.com\/de\/wp-json\/wp\/v2\/media?parent=9752"}],"curies":[{"name":"wp","href":"https:\/\/api.w.org\/{rel}","templated":true}]}}