{"id":8808,"date":"2023-01-19T14:24:13","date_gmt":"2023-01-19T14:24:13","guid":{"rendered":"https:\/\/grupoterrademar.com\/?page_id=8808"},"modified":"2024-08-31T09:33:05","modified_gmt":"2024-08-31T09:33:05","slug":"entspannen","status":"publish","type":"page","link":"https:\/\/grupoterrademar.com\/de\/entspannen\/","title":{"rendered":"Entspannen Sie sich"},"content":{"rendered":"<div data-elementor-type=\"wp-page\" data-elementor-id=\"8808\" class=\"elementor elementor-8808\" data-elementor-post-type=\"page\">\n\t\t\t\t\t\t<section class=\"elementor-section elementor-top-section elementor-element elementor-element-fcb078e elementor-section-full_width elementor-section-height-min-height elementor-section-items-stretch elementor-section-stretched elementor-section-height-default\" data-id=\"fcb078e\" data-element_type=\"section\" data-e-type=\"section\" data-settings=\"{&quot;stretch_section&quot;:&quot;section-stretched&quot;}\">\n\t\t\t\t\t\t<div class=\"elementor-container elementor-column-gap-default\">\n\t\t\t\t\t<div class=\"elementor-column elementor-col-50 elementor-top-column elementor-element elementor-element-1196154\" data-id=\"1196154\" data-element_type=\"column\" data-e-type=\"column\" data-settings=\"{&quot;background_background&quot;:&quot;classic&quot;}\">\n\t\t\t<div class=\"elementor-widget-wrap elementor-element-populated\">\n\t\t\t\t\t\t<div class=\"elementor-element elementor-element-e40e6e1 elementor-widget elementor-widget-heading\" data-id=\"e40e6e1\" data-element_type=\"widget\" data-e-type=\"widget\" data-widget_type=\"heading.default\">\n\t\t\t\t<div class=\"elementor-widget-container\">\n\t\t\t\t\t<h1 class=\"elementor-heading-title elementor-size-default\">Entspannen Sie sich<\/h1>\t\t\t\t<\/div>\n\t\t\t\t<\/div>\n\t\t\t\t<div class=\"elementor-element elementor-element-af532ab elementor-widget elementor-widget-text-editor\" data-id=\"af532ab\" data-element_type=\"widget\" data-e-type=\"widget\" data-widget_type=\"text-editor.default\">\n\t\t\t\t<div class=\"elementor-widget-container\">\n\t\t\t\t\t\t\t\t\t<p><span class=\"notion-enable-hover\" data-token-index=\"0\">Wenn Sie auf der Suche nach einem <strong>ein Ort zum Entspannen und Genie\u00dfen der sch\u00f6nsten Str\u00e4nde<\/strong> der Costa Blanca, unsere Unterk\u00fcnfte in privilegierter Lage bieten Ihnen die besten M\u00f6glichkeiten.<\/span><\/p><p><span class=\"notion-enable-hover\" data-token-index=\"0\">Wir haben diese besonderen Ecken sorgf\u00e4ltig ausgew\u00e4hlt, achten Sie darauf.<\/span><\/p>\t\t\t\t\t\t\t\t<\/div>\n\t\t\t\t<\/div>\n\t\t\t\t\t<\/div>\n\t\t<\/div>\n\t\t\t\t<div class=\"elementor-column elementor-col-50 elementor-top-column elementor-element elementor-element-e032c26\" data-id=\"e032c26\" data-element_type=\"column\" data-e-type=\"column\" data-settings=\"{&quot;background_background&quot;:&quot;classic&quot;}\">\n\t\t\t<div class=\"elementor-widget-wrap elementor-element-populated\">\n\t\t\t\t\t\t<section class=\"elementor-section elementor-inner-section elementor-element elementor-element-d7fc13a elementor-section-boxed elementor-section-height-default elementor-section-height-default\" data-id=\"d7fc13a\" data-element_type=\"section\" data-e-type=\"section\">\n\t\t\t\t\t\t<div class=\"elementor-container elementor-column-gap-default\">\n\t\t\t\t\t<div class=\"elementor-column elementor-col-50 elementor-inner-column elementor-element elementor-element-d9f8d1d\" data-id=\"d9f8d1d\" data-element_type=\"column\" data-e-type=\"column\">\n\t\t\t<div class=\"elementor-widget-wrap elementor-element-populated\">\n\t\t\t\t\t\t<div class=\"elementor-element elementor-element-31f4c67 elementor-widget elementor-widget-text-editor\" data-id=\"31f4c67\" data-element_type=\"widget\" data-e-type=\"widget\" data-widget_type=\"text-editor.default\">\n\t\t\t\t<div class=\"elementor-widget-container\">\n\t\t\t\t\t\t\t\t\t<ul>\n \t<li><a href=\"https:\/\/www.benissa.net\/ver\/98\/playa-la-fustera.html\" target=\"_blank\" rel=\"noopener nofollow\">Strand La Fustera<\/a>Benissa<\/li>\n \t<li><a href=\"https:\/\/www.benissa.net\/ver\/103\/cala-baladrar.html\" target=\"_blank\" rel=\"noopener nofollow\">Baladrar-Bucht<\/a>Benissa<\/li>\n \t<li><a href=\"https:\/\/www.benissa.net\/ver\/102\/-platgeta-de-ladvocat.html\" target=\"_blank\" rel=\"noopener nofollow\">Advocat Bucht<\/a>Benissa<\/li>\n \t<li><a href=\"https:\/\/www.benissa.net\/ver\/100\/cala-pinets.html\" target=\"_blank\" rel=\"noopener nofollow\">Pinets Bucht<\/a>Benissa<\/li>\n \t<li><a href=\"https:\/\/calpe.es\/es\/playa\/playa-arenal-bol\" target=\"_blank\" rel=\"noopener nofollow\">Strand Arenal-Bol<\/a>Calp<\/li>\n \t<li><a href=\"https:\/\/calpe.es\/es\/playa\/playa-de-levante-o-la-fossa\" target=\"_blank\" rel=\"noopener nofollow\">La Fossa Strand<\/a>Calp<\/li>\n \t<li><a href=\"https:\/\/calpe.es\/es\/playa\/cala-el-raco\" target=\"_blank\" rel=\"noopener nofollow\">El Rac\u00f3 Bucht<\/a>Calp<\/li>\n \t<li><a href=\"https:\/\/www.comunitatvalenciana.com\/es\/alacant-alicante\/teulada-moraira\/playas\/les-platgetes\" target=\"_blank\" rel=\"noopener nofollow\">Les Plagetes<\/a>, Moraira<\/li>\n \t<li><a href=\"https:\/\/www.comunitatvalenciana.com\/es\/alacant-alicante\/teulada-moraira\/playas\/cala-l-andrago\" target=\"_blank\" rel=\"noopener nofollow\">Strand von L'Andrag\u00f3<\/a>, Moraira<\/li>\n \t<li><a href=\"https:\/\/www.valenciabonita.es\/2021\/06\/08\/cala-cap-blanc-moraira\/\" target=\"_blank\" rel=\"noopener nofollow\">Cap Blanc Bucht<\/a>, Moraira<\/li>\n<\/ul>\t\t\t\t\t\t\t\t<\/div>\n\t\t\t\t<\/div>\n\t\t\t\t\t<\/div>\n\t\t<\/div>\n\t\t\t\t<div class=\"elementor-column elementor-col-50 elementor-inner-column elementor-element elementor-element-1f7ec9e\" data-id=\"1f7ec9e\" data-element_type=\"column\" data-e-type=\"column\">\n\t\t\t<div class=\"elementor-widget-wrap elementor-element-populated\">\n\t\t\t\t\t\t<div class=\"elementor-element elementor-element-1d1c1c6 elementor-widget elementor-widget-text-editor\" data-id=\"1d1c1c6\" data-element_type=\"widget\" data-e-type=\"widget\" data-widget_type=\"text-editor.default\">\n\t\t\t\t<div class=\"elementor-widget-container\">\n\t\t\t\t\t\t\t\t\t<ul>\n \t<li><a href=\"https:\/\/www.comunitatvalenciana.com\/es\/alacant-alicante\/teulada-moraira\/playas\/playa-el-portet\" target=\"_blank\" rel=\"noopener nofollow\">Strand El Portet<\/a>, Moraira<\/li>\n \t<li><a href=\"https:\/\/www.turismoteuladamoraira.com\/ttm\/web_php\/index.php?contenido=fichaPoi_coconut&amp;idPoi=6&amp;idNivel=630&amp;mode=folder&amp;order=asc&amp;title=playa-de-l%27ampolla\" target=\"_blank\" rel=\"noopener nofollow\">Strand von L'Ampolla<\/a>, Moraira<\/li>\n \t<li><a href=\"https:\/\/www.valenciabonita.es\/2021\/04\/20\/cala-del-portixolet\/\" target=\"_blank\" rel=\"noopener nofollow\">Portitxolet Bucht<\/a>, Moraira<\/li>\n \t<li><a href=\"http:\/\/va.xabia.org\/ver\/1530\/Cala-Granadella.html\" target=\"_blank\" rel=\"noopener nofollow\">Granadella-Bucht<\/a>, J\u00e1vea<\/li>\n \t<li><a href=\"http:\/\/va.xabia.org\/ver\/1528\/Cala-Barraca-o-Portitxol.html\" target=\"_blank\" rel=\"noopener nofollow\">Barraca oder Portitxol-Bucht<\/a>, J\u00e1vea<\/li>\n \t<li><a href=\"https:\/\/va.xabia.org\/ver\/1541\/Ambolo.html\" target=\"_blank\" rel=\"noopener nofollow\">Ambolo-Bucht<\/a>, J\u00e1vea<\/li>\n \t<li><a href=\"https:\/\/www.turismobenitatxell.es\/es\/playas\/13-cala-del-moraig\/\" target=\"_blank\" rel=\"noopener nofollow\">Moraig Bucht<\/a>, Benitatxell<\/li>\n \t<li><a href=\"https:\/\/www.turismobenitatxell.es\/es\/playas\/22-cala-llebeig\/\" target=\"_blank\" rel=\"noopener nofollow\">Llebeig-Bucht<\/a>, Benitatxell<\/li>\n \t<li><a href=\"https:\/\/www.turismobenitatxell.es\/es\/playas\/14-cala-dels-testos\/\" target=\"_blank\" rel=\"noopener nofollow\">Cala dels Testos<\/a>, Benitatxell<\/li>\n<\/ul>\t\t\t\t\t\t\t\t<\/div>\n\t\t\t\t<\/div>\n\t\t\t\t\t<\/div>\n\t\t<\/div>\n\t\t\t\t\t<\/div>\n\t\t<\/section>\n\t\t\t\t\t<\/div>\n\t\t<\/div>\n\t\t\t\t\t<\/div>\n\t\t<\/section>\n\t\t\t\t<section class=\"elementor-section elementor-top-section elementor-element elementor-element-ea4cc5a elementor-section-full_width elementor-section-height-min-height elementor-section-items-stretch elementor-section-stretched elementor-reverse-tablet elementor-reverse-mobile elementor-section-height-default\" data-id=\"ea4cc5a\" data-element_type=\"section\" data-e-type=\"section\" id=\"listadoplayas\" data-settings=\"{&quot;stretch_section&quot;:&quot;section-stretched&quot;}\">\n\t\t\t\t\t\t<div class=\"elementor-container elementor-column-gap-default\">\n\t\t\t\t\t<div class=\"elementor-column elementor-col-50 elementor-top-column elementor-element elementor-element-74cc1ac\" data-id=\"74cc1ac\" data-element_type=\"column\" data-e-type=\"column\" data-settings=\"{&quot;background_background&quot;:&quot;classic&quot;}\">\n\t\t\t<div class=\"elementor-widget-wrap elementor-element-populated\">\n\t\t\t\t\t\t<div class=\"elementor-element elementor-element-5b4d7f2 elementor-widget elementor-widget-text-editor\" data-id=\"5b4d7f2\" data-element_type=\"widget\" data-e-type=\"widget\" data-widget_type=\"text-editor.default\">\n\t\t\t\t<div class=\"elementor-widget-container\">\n\t\t\t\t\t\t\t\t\t<p><span class=\"notion-enable-hover\" data-token-index=\"0\">Haben Sie Hunde? Wir haben auch diese Auswahl an Str\u00e4nden vorbereitet <strong>\"Haustierfreundlich <span role=\"img\" aria-label=\"\ud83d\udc3e\">\ud83d\udc3e<\/span><span role=\"img\" aria-label=\"\ud83d\udc15\">\ud83d\udc15<\/span><span role=\"img\" aria-label=\"\ud83d\udc29\">\ud83d\udc29<\/span><\/strong><\/span><\/p>\t\t\t\t\t\t\t\t<\/div>\n\t\t\t\t<\/div>\n\t\t\t\t<div class=\"elementor-element elementor-element-3ca2962 elementor-widget elementor-widget-text-editor\" data-id=\"3ca2962\" data-element_type=\"widget\" data-e-type=\"widget\" data-widget_type=\"text-editor.default\">\n\t\t\t\t<div class=\"elementor-widget-container\">\n\t\t\t\t\t\t\t\t\t<ul><li><a href=\"https:\/\/www.redcanina.es\/playa-para-perros-en-denia\/\" target=\"_blank\" rel=\"noopener nofollow\">Strand Escollera Norte<\/a>Hafen von D\u00e9nia, Gr\u00fcner Leuchtturm<\/li><li><a href=\"https:\/\/www.redcanina.es\/playa-para-perros-en-altea\/\" target=\"_blank\" rel=\"noopener nofollow\">Strand Meer und Berge<\/a>Altea<\/li><li><a href=\"https:\/\/www.redcanina.es\/playa-para-perros-el-xarco-en-villajoyosa\/\" target=\"_blank\" rel=\"noopener nofollow\">El Xarco Bucht<\/a>, Villajoyosa<\/li><li><a href=\"https:\/\/www.redcanina.es\/playa-para-perros-en-campello\/\" target=\"_blank\" rel=\"noopener nofollow\">Strand Punta del Riu Sec<\/a>Campello<\/li><li><a href=\"https:\/\/www.redcanina.es\/cala-del-barranc-daigues-en-campello-para-perros\/\" target=\"_blank\" rel=\"noopener nofollow\">Barranc Strand<\/a>Campello<\/li><li><a href=\"https:\/\/www.redcanina.es\/playa-para-perros-en-agua-amarga-alicante\/\" target=\"_blank\" rel=\"noopener nofollow\">Hundestrand<\/a>, Alicante<\/li><\/ul>\t\t\t\t\t\t\t\t<\/div>\n\t\t\t\t<\/div>\n\t\t\t\t\t<\/div>\n\t\t<\/div>\n\t\t\t\t<div class=\"elementor-column elementor-col-50 elementor-top-column elementor-element elementor-element-8b26cb1\" data-id=\"8b26cb1\" data-element_type=\"column\" data-e-type=\"column\" data-settings=\"{&quot;background_background&quot;:&quot;classic&quot;}\">\n\t\t\t<div class=\"elementor-widget-wrap elementor-element-populated\">\n\t\t\t\t\t\t<div class=\"elementor-element elementor-element-3e6ffb5 elementor-widget elementor-widget-spacer\" data-id=\"3e6ffb5\" data-element_type=\"widget\" data-e-type=\"widget\" data-widget_type=\"spacer.default\">\n\t\t\t\t<div class=\"elementor-widget-container\">\n\t\t\t\t\t\t\t<div class=\"elementor-spacer\">\n\t\t\t<div class=\"elementor-spacer-inner\"><\/div>\n\t\t<\/div>\n\t\t\t\t\t\t<\/div>\n\t\t\t\t<\/div>\n\t\t\t\t\t<\/div>\n\t\t<\/div>\n\t\t\t\t\t<\/div>\n\t\t<\/section>\n\t\t\t\t<\/div>","protected":false},"excerpt":{"rendered":"<p>Rel\u00e1jate Si est\u00e1s buscando un lugar para desconectar y disfrutar de las mejores playas de la Costa Blanca, nuestros alojamientos situados en ubicaciones privilegiadas te brindan las mejores opciones. Hemos seleccionado cuidadosamente estos rincones especiales, toma nota. Playa La Fustera, Benissa Cala Baladrar, Benissa Cala Advocat, Benissa Cala Pinets, Benissa Playa del Arenal-Bol, Calp Playa [&hellip;]<\/p>\n","protected":false},"author":1,"featured_media":0,"parent":0,"menu_order":100,"comment_status":"closed","ping_status":"closed","template":"","meta":{"footnotes":""},"class_list":["post-8808","page","type-page","status-publish","hentry"],"_links":{"self":[{"href":"https:\/\/grupoterrademar.com\/de\/wp-json\/wp\/v2\/pages\/8808","targetHints":{"allow":["GET"]}}],"collection":[{"href":"https:\/\/grupoterrademar.com\/de\/wp-json\/wp\/v2\/pages"}],"about":[{"href":"https:\/\/grupoterrademar.com\/de\/wp-json\/wp\/v2\/types\/page"}],"author":[{"embeddable":true,"href":"https:\/\/grupoterrademar.com\/de\/wp-json\/wp\/v2\/users\/1"}],"replies":[{"embeddable":true,"href":"https:\/\/grupoterrademar.com\/de\/wp-json\/wp\/v2\/comments?post=8808"}],"version-history":[{"count":112,"href":"https:\/\/grupoterrademar.com\/de\/wp-json\/wp\/v2\/pages\/8808\/revisions"}],"predecessor-version":[{"id":9924,"href":"https:\/\/grupoterrademar.com\/de\/wp-json\/wp\/v2\/pages\/8808\/revisions\/9924"}],"wp:attachment":[{"href":"https:\/\/grupoterrademar.com\/de\/wp-json\/wp\/v2\/media?parent=8808"}],"curies":[{"name":"wp","href":"https:\/\/api.w.org\/{rel}","templated":true}]}}