{"id":718,"date":"2022-05-17T14:25:35","date_gmt":"2022-05-17T14:25:35","guid":{"rendered":"https:\/\/grupoterrademar.com\/?page_id=718"},"modified":"2023-01-19T14:22:40","modified_gmt":"2023-01-19T14:22:40","slug":"cookie-richtlinie","status":"publish","type":"page","link":"https:\/\/grupoterrademar.com\/de\/cookie-richtlinie\/","title":{"rendered":"Cookie-Richtlinie"},"content":{"rendered":"<div data-elementor-type=\"wp-post\" data-elementor-id=\"718\" class=\"elementor elementor-718\" data-elementor-post-type=\"page\">\n\t\t\t\t\t\t<section class=\"elementor-section elementor-top-section elementor-element elementor-element-02edb0c elementor-section-boxed elementor-section-height-default elementor-section-height-default\" data-id=\"02edb0c\" data-element_type=\"section\" data-e-type=\"section\" data-settings=\"{&quot;background_background&quot;:&quot;classic&quot;}\">\n\t\t\t\t\t\t<div class=\"elementor-container elementor-column-gap-wider\">\n\t\t\t\t\t<div class=\"elementor-column elementor-col-100 elementor-top-column elementor-element elementor-element-ea395ff\" data-id=\"ea395ff\" data-element_type=\"column\" data-e-type=\"column\" data-settings=\"{&quot;background_background&quot;:&quot;classic&quot;}\">\n\t\t\t<div class=\"elementor-widget-wrap elementor-element-populated\">\n\t\t\t\t\t\t<section class=\"elementor-section elementor-inner-section elementor-element elementor-element-b9006aa elementor-section-boxed elementor-section-height-default elementor-section-height-default\" data-id=\"b9006aa\" data-element_type=\"section\" data-e-type=\"section\">\n\t\t\t\t\t\t<div class=\"elementor-container elementor-column-gap-default\">\n\t\t\t\t\t<div class=\"elementor-column elementor-col-100 elementor-inner-column elementor-element elementor-element-d1c16d0\" data-id=\"d1c16d0\" data-element_type=\"column\" data-e-type=\"column\">\n\t\t\t<div class=\"elementor-widget-wrap elementor-element-populated\">\n\t\t\t\t\t\t<div class=\"elementor-element elementor-element-049aa2d elementor-widget elementor-widget-heading\" data-id=\"049aa2d\" data-element_type=\"widget\" data-e-type=\"widget\" data-widget_type=\"heading.default\">\n\t\t\t\t<div class=\"elementor-widget-container\">\n\t\t\t\t\t<h1 class=\"elementor-heading-title elementor-size-default\">COOKIES-POLITIK<\/h1>\t\t\t\t<\/div>\n\t\t\t\t<\/div>\n\t\t\t\t<div class=\"elementor-element elementor-element-9e36763 elementor-widget elementor-widget-text-editor\" data-id=\"9e36763\" data-element_type=\"widget\" data-e-type=\"widget\" data-widget_type=\"text-editor.default\">\n\t\t\t\t<div class=\"elementor-widget-container\">\n\t\t\t\t\t\t\t\t\t<p><span style=\"font-weight: 400;\">Nach einem Audit, das zur Information \u00fcber die auf dieser Website verwendeten Cookies durchgef\u00fchrt wurde, informieren wir Sie hiermit:<\/span><\/p><p><span style=\"font-weight: 400;\">Das LSSI-CE verpflichtet alle, die einen Blog oder eine Website betreiben, die Nutzer auf das Vorhandensein von Cookies hinzuweisen, sie dar\u00fcber zu informieren und um die Erlaubnis zu bitten, sie herunterzuladen.<\/span><\/p><p><span style=\"font-weight: 400;\">Ebenso ist in Artikel 22.2 des Gesetzes 34\/2002 festgelegt. \"Die Diensteanbieter k\u00f6nnen Datenspeicherungs- und -abrufger\u00e4te auf den Endger\u00e4ten der Empf\u00e4nger verwenden, sofern diese ihre Zustimmung gegeben haben, nachdem sie gem\u00e4\u00df den Bestimmungen des Organgesetzes 15\/1999 vom 13. Dezember \u00fcber den Schutz personenbezogener Daten klar und vollst\u00e4ndig \u00fcber deren Verwendung, insbesondere \u00fcber die Zwecke der Datenverarbeitung, informiert wurden\".<\/span><\/p><p><span style=\"font-weight: 400;\">Als Verantwortlicher f\u00fcr diese Website und in \u00dcbereinstimmung mit dem oben genannten Artikel \u00fcber Cookies und unter Ber\u00fccksichtigung der Funktionsweise des Internets und der Websites ist es nicht immer m\u00f6glich, aktuelle Informationen \u00fcber die Cookies zu erhalten, die von Dritten \u00fcber diese Website verwendet werden k\u00f6nnen.<\/span><\/p><p><span style=\"font-weight: 400;\">Dies gilt insbesondere f\u00fcr den Fall, dass diese Website integrierte Elemente enth\u00e4lt, d.h. Texte, Dokumente, Bilder oder Kurzfilme, die an anderer Stelle gespeichert sind, aber auf unserer Website angezeigt werden.<\/span><\/p><p><span style=\"font-weight: 400;\">Sollten Sie also auf dieser Website auf solche Cookies sto\u00dfen, die unten nicht aufgef\u00fchrt sind, teilen Sie uns dies bitte mit. Sie k\u00f6nnen sich auch direkt an den Dritten wenden, um Informationen \u00fcber die von ihm gesetzten Cookies, den Zweck und die Dauer des Cookies sowie \u00fcber den Schutz Ihrer Privatsph\u00e4re zu erhalten.<\/span><\/p><p><strong>Was sind Cookies?<\/strong><\/p><p><span style=\"font-weight: 400;\">Cookies sind ein Hilfsmittel, das von Webservern zum Speichern und Abrufen von Informationen \u00fcber ihre Besucher verwendet wird. Es ist nichts anderes als eine Textdatei, die einige Server Ihren Browser bitten, auf Ihre Festplatte zu schreiben, mit Informationen dar\u00fcber, was Sie auf ihren Seiten getan haben. Sie haben ein Verfallsdatum, das von der Dauer der Sitzung bis zu einem bestimmten Datum in der Zukunft reichen kann, nach dem sie nicht mehr funktionieren.<\/span><\/p><p>\u00a0<\/p><ol><li><strong> Von dieser Website verwendete Cookies<\/strong><\/li><\/ol><p><span style=\"font-weight: 400;\">Diese Website verwendet eigene Cookies und Cookies von Drittanbietern, um Ihnen ein besseres Surferlebnis zu bieten, um Inhalte in sozialen Netzwerken zu teilen, um Ihnen auf Ihre Interessen abgestimmte Werbung zu zeigen und um Nutzerstatistiken zu erstellen.<\/span><\/p><p><span style=\"font-weight: 400;\">Die Cookies, die in <\/span><a href=\"https:\/\/grupoterrademar.com\/de\"><span style=\"font-weight: 400;\">https:\/\/grupoterrademar.com\/<\/span><\/a><span style=\"font-weight: 400;\"> werden nur mit einem anonymen Benutzer und seinem Computer in Verbindung gebracht, liefern keine Hinweise, die R\u00fcckschl\u00fcsse auf den Vor- und Nachnamen des Benutzers zulassen und k\u00f6nnen keine Daten von der Festplatte des Benutzers lesen oder Viren in ihre Texte aufnehmen. Ebenso wenig kann https:\/\/grupoterrademar.com\/ die auf der Festplatte des Benutzers gespeicherten Cookies von anderen Servern lesen.<\/span><\/p><p><span style=\"font-weight: 400;\">Es steht Ihnen frei zu entscheiden, ob Sie die auf https:\/\/grupoterrademar.com\/ verwendeten Cookies auf Ihrer Festplatte ablegen m\u00f6chten oder nicht. In diesem Zusammenhang k\u00f6nnen Sie Ihren Browser so konfigurieren, dass er standardm\u00e4\u00dfig alle Cookies annimmt oder ablehnt oder dass Sie auf dem Bildschirm eine Warnung \u00fcber den Empfang jedes Cookies erhalten und dann entscheiden k\u00f6nnen, ob sie auf Ihrer Festplatte gespeichert werden sollen oder nicht. Zu diesem Zweck empfehlen wir Ihnen, die Hilfe Ihres Browsers zu konsultieren, um herauszufinden, wie Sie die derzeit verwendete Konfiguration \u00e4ndern k\u00f6nnen.<\/span><\/p><p><span style=\"font-weight: 400;\">Auch wenn Sie Ihren Browser so konfigurieren, dass er alle Cookies ablehnt oder Cookies von https:\/\/grupoterrademar.com\/ ausdr\u00fccklich ablehnt, k\u00f6nnen Sie auf dem Portal surfen, mit dem einzigen Nachteil, dass Sie die Funktionen des Portals, die die Installation von Cookies erfordern, nicht nutzen k\u00f6nnen. In jedem Fall k\u00f6nnen Sie die auf Ihrer Festplatte gespeicherten Cookies jederzeit l\u00f6schen, indem Sie das in der Hilfe Ihres Browsers festgelegte Verfahren befolgen, auf das wir sp\u00e4ter noch eingehen werden.<\/span><\/p><p><span style=\"font-weight: 400;\">Als Nutzer k\u00f6nnen Sie die Verarbeitung von Daten oder Informationen verweigern, indem Sie diese Cookies durch entsprechende Einstellungen in Ihrem Browser blockieren. Sie sollten sich jedoch bewusst sein, dass diese Website in diesem Fall m\u00f6glicherweise nicht ordnungsgem\u00e4\u00df funktioniert.<\/span><\/p><p><span style=\"font-weight: 400;\">Cookies auf dieser Website helfen uns dabei:<\/span><\/p><ul><li style=\"font-weight: 400;\" aria-level=\"1\"><span style=\"font-weight: 400;\">Diese Website richtig funktionieren lassen<\/span><\/li><li style=\"font-weight: 400;\" aria-level=\"1\"><span style=\"font-weight: 400;\">Erinnern Sie sie w\u00e4hrend und zwischen den Besuchen an Ihre Einstellungen<\/span><\/li><li style=\"font-weight: 400;\" aria-level=\"1\"><span style=\"font-weight: 400;\">Sie k\u00f6nnen Videos ansehen<\/span><\/li><li style=\"font-weight: 400;\" aria-level=\"1\"><span style=\"font-weight: 400;\">Verbesserung der Geschwindigkeit \/ Sicherheit der Website<\/span><\/li><li style=\"font-weight: 400;\" aria-level=\"1\"><span style=\"font-weight: 400;\">Kann Seiten mit sozialen Netzwerken teilen<\/span><\/li><li style=\"font-weight: 400;\" aria-level=\"1\"><span style=\"font-weight: 400;\">Kontinuierliche Verbesserung dieser Website<\/span><\/li><li style=\"font-weight: 400;\" aria-level=\"1\"><span style=\"font-weight: 400;\">Anzeigen basierend auf Ihren Surfgewohnheiten anzeigen<\/span><\/li><\/ul><p>\u00a0<\/p><p><span style=\"font-weight: 400;\">Wir werden niemals Cookies verwenden, um:<\/span><\/p><ul><li style=\"font-weight: 400;\" aria-level=\"1\"><span style=\"font-weight: 400;\">Sammeln von pers\u00f6nlich identifizierbaren Informationen (ohne Ihre ausdr\u00fcckliche Zustimmung)<\/span><\/li><li style=\"font-weight: 400;\" aria-level=\"1\"><span style=\"font-weight: 400;\">Sammeln sensibler Informationen (ohne Ihre ausdr\u00fcckliche Zustimmung)<\/span><\/li><li style=\"font-weight: 400;\" aria-level=\"1\"><span style=\"font-weight: 400;\">Weitergabe pers\u00f6nlich identifizierbarer Daten an Dritte<\/span><\/li><\/ul><p>\u00a0<\/p><ol start=\"2\"><li><strong> Cookies von Dritten, die wir auf dieser Website verwenden und \u00fcber die Sie Bescheid wissen sollten<\/strong><\/li><\/ol><p><span style=\"font-weight: 400;\">Diese Website enth\u00e4lt, wie die meisten Websites, Funktionen, die von Dritten bereitgestellt werden.<\/span><\/p><p><span style=\"font-weight: 400;\">Neue Designs oder Dienste von Dritten werden ebenfalls regelm\u00e4\u00dfig getestet, um Empfehlungen und Berichte zu erhalten.<\/span><\/p><p><span style=\"font-weight: 400;\">Dadurch kann sich die Konfiguration der Cookies gelegentlich \u00e4ndern und es k\u00f6nnen Cookies erscheinen, die nicht in dieser Richtlinie aufgef\u00fchrt sind. Es ist wichtig f\u00fcr Sie zu wissen, dass es sich dabei um tempor\u00e4re Cookies handelt, \u00fcber die Sie nicht immer informiert werden k\u00f6nnen und die nur zu Studien- und Bewertungszwecken verwendet werden. Unter keinen Umst\u00e4nden werden Cookies verwendet, die Ihre Privatsph\u00e4re gef\u00e4hrden.<\/span><\/p><p><span style=\"font-weight: 400;\">Zu den stabilsten Cookies von Drittanbietern geh\u00f6ren:<\/span><\/p><p><span style=\"font-weight: 400;\">Insbesondere solche, die von analytischen Diensten erzeugt werden, <\/span><i><span style=\"font-weight: 400;\">Google Analytics<\/span><\/i><span style=\"font-weight: 400;\"> um der Website dabei zu helfen, die Nutzung der Website durch die Benutzer zu analysieren und die Benutzerfreundlichkeit zu verbessern, aber in keinem Fall werden sie mit Daten verbunden, die den Benutzer identifizieren k\u00f6nnten.<\/span><\/p><p><span style=\"font-weight: 400;\">Google Analytics ist ein Webanalysedienst von Google, Inc. mit Sitz in 1600 Amphitheatre Parkway, Mountain View (Kalifornien), CA 94043, Vereinigte Staaten (\"Google\").<\/span><\/p><p><span style=\"font-weight: 400;\">Der Nutzer kann hier die Art der von Google verwendeten Cookies einsehen. Google+ und Google Maps-Cookies, wie auf ihrer Seite \u00fcber die Art der von ihnen verwendeten Cookies dargelegt.<\/span><\/p><p><i><span style=\"font-weight: 400;\">WordPress<\/span><\/i><span style=\"font-weight: 400;\">https:\/\/grupoterrademar.com\/ ist ein Nutzer der WordPress-Plattform f\u00fcr die Bereitstellung und das Hosting von Blogs, die dem amerikanischen Unternehmen Automattic, Inc. geh\u00f6rt. Zu diesem Zweck kann die Verwendung solcher Cookies durch Systeme, die niemals unter der Kontrolle oder Verwaltung des Website-Managers stehen, ihre Funktion jederzeit \u00e4ndern, und es k\u00f6nnen neue Cookies eingef\u00fchrt werden.<\/span><\/p><p><span style=\"font-weight: 400;\">Diese Cookies sind f\u00fcr den Eigent\u00fcmer dieser Website nicht von Nutzen. Automattic, Inc. verwendet auch andere Cookies, um Besucher der WordPress-Websites, ihre Nutzung der Automattic-Website und ihre Zugriffspr\u00e4ferenzen zu identifizieren und zu verfolgen, wie im Abschnitt \"Cookies\" der Datenschutzrichtlinie beschrieben.<\/span><\/p><p><i><span style=\"font-weight: 400;\">Cookies f\u00fcr soziale Medien<\/span><\/i><span style=\"font-weight: 400;\">Cookies f\u00fcr soziale Medien k\u00f6nnen in Ihrem Browser gespeichert werden, w\u00e4hrend Sie auf https:\/\/grupoterrademar.com\/ surfen, z. B. wenn Sie die Schaltfl\u00e4che zum Teilen auf https:\/\/grupoterrademar.com\/ in einem sozialen Netzwerk verwenden.<\/span><\/p><p><span style=\"font-weight: 400;\">Die Unternehmen, die diese Cookies f\u00fcr die von dieser Website verwendeten sozialen Netzwerke erzeugen, haben ihre eigenen Cookie-Richtlinien:<\/span><\/p><p><span style=\"font-weight: 400;\">Facebook und Instagram: https:\/\/www.facebook.com\/help\/323540651073243\/<\/span><\/p><p><span style=\"font-weight: 400;\">Die Auswirkungen auf die Privatsph\u00e4re h\u00e4ngen von den einzelnen sozialen Netzwerken ab und h\u00e4ngen von den Datenschutzeinstellungen ab, die Sie in diesen Netzwerken gew\u00e4hlt haben. In keinem Fall k\u00f6nnen weder der Betreiber dieser Website noch die Inserenten pers\u00f6nlich identifizierbare Informationen aus diesen Cookies erhalten.<\/span><\/p><p>\u00a0<\/p><ol start=\"3\"><li><strong> Wie kann ich diese Cookies verwalten und deaktivieren?<\/strong><\/li><\/ol><p><span style=\"font-weight: 400;\">Wenn Sie nicht m\u00f6chten, dass die Website keine Cookies auf Ihrem Computer ablegt, k\u00f6nnen Sie Ihren Browser so einstellen, dass er Sie benachrichtigt, bevor Cookies heruntergeladen werden.<\/span><\/p><p><span style=\"font-weight: 400;\">Sie k\u00f6nnen Ihren Browser auch so einstellen, dass er alle Cookies oder nur Cookies von Drittanbietern ablehnt. Sie k\u00f6nnen auch alle Cookies l\u00f6schen, die sich bereits auf Ihrem Computer befinden. Bitte beachten Sie, dass Sie die Einstellungen f\u00fcr jeden Browser und jedes Ger\u00e4t, das Sie verwenden, einzeln anpassen m\u00fcssen.<\/span><\/p><p><span style=\"font-weight: 400;\">https:\/\/grupoterrademar.com\/ stellt den Nutzern, die die Installation der oben genannten Cookies verhindern m\u00f6chten, Links zur Verf\u00fcgung, die von den am weitesten verbreiteten Browsern zu diesem Zweck bereitgestellt werden:<\/span><\/p><p><a href=\"http:\/\/support.google.com\/chrome\/bin\/answer.py?hl=es-419&amp;answer=95647\" target=\"_blank\" rel=\"noopener\"><span style=\"font-weight: 400;\">Google Chrome<\/span><\/a><\/p><p><a href=\"https:\/\/bigseo.com\/politica-de-cookies\/#ie=ie-10\" target=\"_blank\" rel=\"noopener\"><span style=\"font-weight: 400;\">Internet Explorer<\/span><\/a><\/p><p><a href=\"http:\/\/support.mozilla.org\/es\/kb\/habilitar-y-deshabilitar-cookies-que-los-sitios-we\" target=\"_blank\" rel=\"noopener\"><span style=\"font-weight: 400;\">Mozilla Firefox<\/span><\/a><\/p><p><a href=\"http:\/\/support.apple.com\/kb\/HT1677?viewlocale=es_ES%20%97%20http:\/\/support.apple.com\/kb\/ph5042\" target=\"_blank\" rel=\"noopener\"><span style=\"font-weight: 400;\">Apple Safari<\/span><\/a><\/p>\t\t\t\t\t\t\t\t<\/div>\n\t\t\t\t<\/div>\n\t\t\t\t\t<\/div>\n\t\t<\/div>\n\t\t\t\t\t<\/div>\n\t\t<\/section>\n\t\t\t\t\t<\/div>\n\t\t<\/div>\n\t\t\t\t\t<\/div>\n\t\t<\/section>\n\t\t\t\t<\/div>","protected":false},"excerpt":{"rendered":"<p>POL\u00cdTICA DE COOKIES Tras una auditor\u00eda realizada para la informaci\u00f3n sobre las Cookies que se usan en esta web, le informamos: La LSSI-CE, obliga a todos los que tienen un blog o una web a advertir al usuario de la existencia de cookies, informar sobre ellas y requerirle permiso para descargarlas. Asimismo, tal y como [&hellip;]<\/p>\n","protected":false},"author":1,"featured_media":0,"parent":0,"menu_order":1100,"comment_status":"closed","ping_status":"closed","template":"elementor_theme","meta":{"footnotes":""},"class_list":["post-718","page","type-page","status-publish","hentry"],"_links":{"self":[{"href":"https:\/\/grupoterrademar.com\/de\/wp-json\/wp\/v2\/pages\/718","targetHints":{"allow":["GET"]}}],"collection":[{"href":"https:\/\/grupoterrademar.com\/de\/wp-json\/wp\/v2\/pages"}],"about":[{"href":"https:\/\/grupoterrademar.com\/de\/wp-json\/wp\/v2\/types\/page"}],"author":[{"embeddable":true,"href":"https:\/\/grupoterrademar.com\/de\/wp-json\/wp\/v2\/users\/1"}],"replies":[{"embeddable":true,"href":"https:\/\/grupoterrademar.com\/de\/wp-json\/wp\/v2\/comments?post=718"}],"version-history":[{"count":20,"href":"https:\/\/grupoterrademar.com\/de\/wp-json\/wp\/v2\/pages\/718\/revisions"}],"predecessor-version":[{"id":7329,"href":"https:\/\/grupoterrademar.com\/de\/wp-json\/wp\/v2\/pages\/718\/revisions\/7329"}],"wp:attachment":[{"href":"https:\/\/grupoterrademar.com\/de\/wp-json\/wp\/v2\/media?parent=718"}],"curies":[{"name":"wp","href":"https:\/\/api.w.org\/{rel}","templated":true}]}}