{"id":1588,"date":"2022-05-19T17:53:55","date_gmt":"2022-05-19T17:53:55","guid":{"rendered":"https:\/\/grupoterrademar.com\/?page_id=1588"},"modified":"2024-11-07T07:04:14","modified_gmt":"2024-11-07T07:04:14","slug":"uber-uns","status":"publish","type":"page","link":"https:\/\/grupoterrademar.com\/de\/uber-uns\/","title":{"rendered":"\u00dcber uns"},"content":{"rendered":"<div data-elementor-type=\"wp-page\" data-elementor-id=\"1588\" class=\"elementor elementor-1588\" data-elementor-post-type=\"page\">\n\t\t\t\t\t\t<section class=\"elementor-section elementor-top-section elementor-element elementor-element-5143074 elementor-section-full_width elementor-section-height-min-height elementor-section-items-stretch elementor-section-stretched elementor-section-height-default\" data-id=\"5143074\" data-element_type=\"section\" data-e-type=\"section\" data-settings=\"{&quot;stretch_section&quot;:&quot;section-stretched&quot;,&quot;background_background&quot;:&quot;classic&quot;}\">\n\t\t\t\t\t\t<div class=\"elementor-container elementor-column-gap-default\">\n\t\t\t\t\t<div class=\"elementor-column elementor-col-50 elementor-top-column elementor-element elementor-element-0011f01\" data-id=\"0011f01\" data-element_type=\"column\" data-e-type=\"column\" data-settings=\"{&quot;background_background&quot;:&quot;classic&quot;}\">\n\t\t\t<div class=\"elementor-widget-wrap elementor-element-populated\">\n\t\t\t\t\t\t<div class=\"elementor-element elementor-element-9610352 elementor-widget elementor-widget-heading\" data-id=\"9610352\" data-element_type=\"widget\" data-e-type=\"widget\" data-widget_type=\"heading.default\">\n\t\t\t\t<div class=\"elementor-widget-container\">\n\t\t\t\t\t<h2 class=\"elementor-heading-title elementor-size-default\">Reise nach Ithaka<\/h2>\t\t\t\t<\/div>\n\t\t\t\t<\/div>\n\t\t\t\t<div class=\"elementor-element elementor-element-16062b0 elementor-widget-divider--view-line elementor-widget elementor-widget-divider\" data-id=\"16062b0\" data-element_type=\"widget\" data-e-type=\"widget\" data-widget_type=\"divider.default\">\n\t\t\t\t<div class=\"elementor-widget-container\">\n\t\t\t\t\t\t\t<div class=\"elementor-divider\">\n\t\t\t<span class=\"elementor-divider-separator\">\n\t\t\t\t\t\t<\/span>\n\t\t<\/div>\n\t\t\t\t\t\t<\/div>\n\t\t\t\t<\/div>\n\t\t\t\t<div class=\"elementor-element elementor-element-20e61f8 elementor-widget elementor-widget-text-editor\" data-id=\"20e61f8\" data-element_type=\"widget\" data-e-type=\"widget\" data-widget_type=\"text-editor.default\">\n\t\t\t\t<div class=\"elementor-widget-container\">\n\t\t\t\t\t\t\t\t\t<p>Das Gedicht Die Reise nach Ithaka von Konstantin Cavafis spiegelt unsere Lebens- und Arbeitsphilosophie wider.<\/p>\n<p><strong>Genie\u00dfen Sie Ihre Reise.<\/strong><\/p>\n<p><em><strong>Terra de Mar Gruppe<\/strong><\/em><\/p>\t\t\t\t\t\t\t\t<\/div>\n\t\t\t\t<\/div>\n\t\t\t\t<div class=\"elementor-element elementor-element-52949fe elementor-widget elementor-widget-text-editor\" data-id=\"52949fe\" data-element_type=\"widget\" data-e-type=\"widget\" data-widget_type=\"text-editor.default\">\n\t\t\t\t<div class=\"elementor-widget-container\">\n\t\t\t\t\t\t\t\t\t<p><em>Wenn Sie Ihre Reise nach Ithaka antreten<\/em><\/p><p><em>bittet darum, dass der Weg lang sein m\u00f6ge,<\/em><\/p><p><em>voll von Abenteuern, voll von Erfahrungen.<\/em><\/p><p><em>F\u00fcrchtet weder Lestrygonier noch Zyklopen<\/em><\/p><p><em>noch der Choleriker Poseidon,<\/em><\/p><p><em>Solche Wesen werdet ihr auf eurem Weg niemals finden,<\/em><\/p><p><em>wenn Ihr Denken hoch ist, wenn Sie w\u00e4hlen<\/em><\/p><p><em>ist das Gef\u00fchl, das Ihren Geist und Ihren K\u00f6rper ber\u00fchrt.<\/em><\/p><p><em>Weder f\u00fcr die Lestrygonier noch f\u00fcr die Zyklopen<\/em><\/p><p><em>noch den wilden Poseidon wirst du finden,<\/em><\/p><p><em>wenn du sie nicht in deiner Seele tr\u00e4gst,<\/em><\/p><p><em>wenn deine Seele sie nicht vor dir aufrichtet.<\/em><\/p><p>\u00a0<\/p><p><em>Bitten Sie darum, dass der Weg lang sein m\u00f6ge.<\/em><\/p><p><em>M\u00f6ge es viele Sommermorgen geben<\/em><\/p><p><em>Sie kommen an - mit welchem Vergn\u00fcgen und welcher Freude!<\/em><\/p><p><em>zu nie zuvor gesehenen H\u00e4fen.<\/em><\/p><p><em>Halt in den Kaufh\u00e4usern von Ph\u00f6nizien<\/em><\/p><p><em>und sichern Sie sich sch\u00f6ne Waren,<\/em><\/p><p><em>Perlmutt und Koralle, Bernstein und Ebenholz<\/em><\/p><p><em>und alle Arten von sinnlichen Parf\u00fcms,<\/em><\/p><p><em>die reichhaltigeren sinnlichen D\u00fcfte, die Sie k\u00f6nnen.<\/em><\/p><p><em>Besuchen Sie viele \u00e4gyptische St\u00e4dte<\/em><\/p><p><em>um zu lernen, um von ihren Weisen zu lernen.<\/em><\/p><p>\u00a0<\/p><p><em>Behalten Sie Ithaca immer im Hinterkopf.<\/em><\/p><p><em>Der Weg dorthin ist Ihr Ziel.<\/em><\/p><p><em>Aber \u00fcberst\u00fcrzen Sie die Reise nicht.<\/em><\/p><p><em>Es sollte besser viele Jahre lang halten<\/em><\/p><p><em>und ein altes Dock auf der Insel,<\/em><\/p><p><em>die Bereicherung, die Sie auf Ihrem Weg erfahren haben<\/em><\/p><p><em>ohne darauf zu warten, dass Ithaka Sie bereichert.<\/em><\/p><p>\u00a0<\/p><p><em>Ithaka hat Ihnen eine so sch\u00f6ne Reise beschert.<\/em><\/p><p><em>Ohne sie h\u00e4tten Sie sich nicht auf den Weg gemacht.<\/em><\/p><p><em>Aber es hat Ihnen nichts mehr zu geben.<\/em><\/p><p>\u00a0<\/p><p><em>Selbst wenn Sie es schlecht finden, hat Ithaka Sie nicht get\u00e4uscht.<\/em><\/p><p><em>So weise, wie du geworden bist, mit so viel Erfahrung,<\/em><\/p><p><em>werden Sie verstehen, was die Itacas meinen.<\/em><\/p>\t\t\t\t\t\t\t\t<\/div>\n\t\t\t\t<\/div>\n\t\t\t\t\t<\/div>\n\t\t<\/div>\n\t\t\t\t<div class=\"elementor-column elementor-col-50 elementor-top-column elementor-element elementor-element-4665370\" data-id=\"4665370\" data-element_type=\"column\" data-e-type=\"column\" data-settings=\"{&quot;background_background&quot;:&quot;classic&quot;}\">\n\t\t\t<div class=\"elementor-widget-wrap elementor-element-populated\">\n\t\t\t\t\t\t<div class=\"elementor-element elementor-element-32bfbfd elementor-widget elementor-widget-image\" data-id=\"32bfbfd\" data-element_type=\"widget\" data-e-type=\"widget\" data-widget_type=\"image.default\">\n\t\t\t\t<div class=\"elementor-widget-container\">\n\t\t\t\t\t\t\t\t\t\t\t\t\t\t\t<img fetchpriority=\"high\" decoding=\"async\" width=\"235\" height=\"230\" src=\"https:\/\/grupoterrademar.com\/wp-content\/uploads\/2022\/05\/logo-gris.svg\" class=\"attachment-large size-large wp-image-3955\" alt=\"\" \/>\t\t\t\t\t\t\t\t\t\t\t\t\t\t\t<\/div>\n\t\t\t\t<\/div>\n\t\t\t\t<section class=\"elementor-section elementor-inner-section elementor-element elementor-element-cc8c052 elementor-section-boxed elementor-section-height-default elementor-section-height-default\" data-id=\"cc8c052\" data-element_type=\"section\" data-e-type=\"section\">\n\t\t\t\t\t\t<div class=\"elementor-container elementor-column-gap-default\">\n\t\t\t\t\t<div class=\"elementor-column elementor-col-100 elementor-inner-column elementor-element elementor-element-dab47a8\" data-id=\"dab47a8\" data-element_type=\"column\" data-e-type=\"column\">\n\t\t\t<div class=\"elementor-widget-wrap elementor-element-populated\">\n\t\t\t\t\t\t<div class=\"elementor-element elementor-element-1172d00 elementor-widget elementor-widget-image\" data-id=\"1172d00\" data-element_type=\"widget\" data-e-type=\"widget\" data-widget_type=\"image.default\">\n\t\t\t\t<div class=\"elementor-widget-container\">\n\t\t\t\t\t\t\t\t\t\t\t\t\t\t\t<img decoding=\"async\" width=\"658\" height=\"1024\" src=\"https:\/\/grupoterrademar.com\/wp-content\/uploads\/2022\/06\/Ani-004-658x1024.jpg\" class=\"attachment-large size-large wp-image-5369\" alt=\"\" srcset=\"https:\/\/grupoterrademar.com\/wp-content\/uploads\/2022\/06\/Ani-004-658x1024.jpg 658w, https:\/\/grupoterrademar.com\/wp-content\/uploads\/2022\/06\/Ani-004-193x300.jpg 193w, https:\/\/grupoterrademar.com\/wp-content\/uploads\/2022\/06\/Ani-004-768x1195.jpg 768w, https:\/\/grupoterrademar.com\/wp-content\/uploads\/2022\/06\/Ani-004-987x1536.jpg 987w, https:\/\/grupoterrademar.com\/wp-content\/uploads\/2022\/06\/Ani-004.jpg 1063w\" sizes=\"(max-width: 658px) 100vw, 658px\" \/>\t\t\t\t\t\t\t\t\t\t\t\t\t\t\t<\/div>\n\t\t\t\t<\/div>\n\t\t\t\t<div class=\"elementor-element elementor-element-233167d elementor-widget elementor-widget-heading\" data-id=\"233167d\" data-element_type=\"widget\" data-e-type=\"widget\" data-widget_type=\"heading.default\">\n\t\t\t\t<div class=\"elementor-widget-container\">\n\t\t\t\t\t<h2 class=\"elementor-heading-title elementor-size-default\">Ani<\/h2>\t\t\t\t<\/div>\n\t\t\t\t<\/div>\n\t\t\t\t\t<\/div>\n\t\t<\/div>\n\t\t\t\t\t<\/div>\n\t\t<\/section>\n\t\t\t\t<section class=\"elementor-section elementor-inner-section elementor-element elementor-element-4cde7fa elementor-section-boxed elementor-section-height-default elementor-section-height-default\" data-id=\"4cde7fa\" data-element_type=\"section\" data-e-type=\"section\">\n\t\t\t\t\t\t<div class=\"elementor-container elementor-column-gap-default\">\n\t\t\t\t\t<div class=\"elementor-column elementor-col-50 elementor-inner-column elementor-element elementor-element-fd667ee\" data-id=\"fd667ee\" data-element_type=\"column\" data-e-type=\"column\">\n\t\t\t<div class=\"elementor-widget-wrap elementor-element-populated\">\n\t\t\t\t\t\t<div class=\"elementor-element elementor-element-5c298d9 elementor-widget elementor-widget-image\" data-id=\"5c298d9\" data-element_type=\"widget\" data-e-type=\"widget\" data-widget_type=\"image.default\">\n\t\t\t\t<div class=\"elementor-widget-container\">\n\t\t\t\t\t\t\t\t\t\t\t\t\t\t\t<img decoding=\"async\" width=\"658\" height=\"1024\" src=\"https:\/\/grupoterrademar.com\/wp-content\/uploads\/2022\/06\/Carmen-003-658x1024.jpg\" class=\"attachment-large size-large wp-image-5370\" alt=\"\" srcset=\"https:\/\/grupoterrademar.com\/wp-content\/uploads\/2022\/06\/Carmen-003-658x1024.jpg 658w, https:\/\/grupoterrademar.com\/wp-content\/uploads\/2022\/06\/Carmen-003-193x300.jpg 193w, https:\/\/grupoterrademar.com\/wp-content\/uploads\/2022\/06\/Carmen-003-768x1195.jpg 768w, https:\/\/grupoterrademar.com\/wp-content\/uploads\/2022\/06\/Carmen-003-987x1536.jpg 987w, https:\/\/grupoterrademar.com\/wp-content\/uploads\/2022\/06\/Carmen-003.jpg 1063w\" sizes=\"(max-width: 658px) 100vw, 658px\" \/>\t\t\t\t\t\t\t\t\t\t\t\t\t\t\t<\/div>\n\t\t\t\t<\/div>\n\t\t\t\t<div class=\"elementor-element elementor-element-f609a6a elementor-widget elementor-widget-heading\" data-id=\"f609a6a\" data-element_type=\"widget\" data-e-type=\"widget\" data-widget_type=\"heading.default\">\n\t\t\t\t<div class=\"elementor-widget-container\">\n\t\t\t\t\t<h2 class=\"elementor-heading-title elementor-size-default\">Carmen<\/h2>\t\t\t\t<\/div>\n\t\t\t\t<\/div>\n\t\t\t\t\t<\/div>\n\t\t<\/div>\n\t\t\t\t<div class=\"elementor-column elementor-col-50 elementor-inner-column elementor-element elementor-element-4c193d2\" data-id=\"4c193d2\" data-element_type=\"column\" data-e-type=\"column\">\n\t\t\t<div class=\"elementor-widget-wrap elementor-element-populated\">\n\t\t\t\t\t\t<div class=\"elementor-element elementor-element-a2ee610 elementor-widget elementor-widget-image\" data-id=\"a2ee610\" data-element_type=\"widget\" data-e-type=\"widget\" data-widget_type=\"image.default\">\n\t\t\t\t<div class=\"elementor-widget-container\">\n\t\t\t\t\t\t\t\t\t\t\t\t\t\t\t<img loading=\"lazy\" decoding=\"async\" width=\"658\" height=\"1024\" src=\"https:\/\/grupoterrademar.com\/wp-content\/uploads\/2022\/06\/Disen\u0303o-sin-ti\u0301tulo-658x1024.png\" class=\"attachment-large size-large wp-image-7665\" alt=\"Yachthafen\" srcset=\"https:\/\/grupoterrademar.com\/wp-content\/uploads\/2022\/06\/Disen\u0303o-sin-ti\u0301tulo-658x1024.png 658w, https:\/\/grupoterrademar.com\/wp-content\/uploads\/2022\/06\/Disen\u0303o-sin-ti\u0301tulo-193x300.png 193w, https:\/\/grupoterrademar.com\/wp-content\/uploads\/2022\/06\/Disen\u0303o-sin-ti\u0301tulo-768x1195.png 768w, https:\/\/grupoterrademar.com\/wp-content\/uploads\/2022\/06\/Disen\u0303o-sin-ti\u0301tulo-987x1536.png 987w, https:\/\/grupoterrademar.com\/wp-content\/uploads\/2022\/06\/Disen\u0303o-sin-ti\u0301tulo.png 1063w\" sizes=\"(max-width: 658px) 100vw, 658px\" \/>\t\t\t\t\t\t\t\t\t\t\t\t\t\t\t<\/div>\n\t\t\t\t<\/div>\n\t\t\t\t<div class=\"elementor-element elementor-element-3cf797a elementor-widget elementor-widget-heading\" data-id=\"3cf797a\" data-element_type=\"widget\" data-e-type=\"widget\" data-widget_type=\"heading.default\">\n\t\t\t\t<div class=\"elementor-widget-container\">\n\t\t\t\t\t<h2 class=\"elementor-heading-title elementor-size-default\">Yachthafen<\/h2>\t\t\t\t<\/div>\n\t\t\t\t<\/div>\n\t\t\t\t\t<\/div>\n\t\t<\/div>\n\t\t\t\t\t<\/div>\n\t\t<\/section>\n\t\t\t\t\t<\/div>\n\t\t<\/div>\n\t\t\t\t\t<\/div>\n\t\t<\/section>\n\t\t\t\t<\/div>","protected":false},"excerpt":{"rendered":"<p>Viaje a \u00cdtaca El poema Viaje a \u00cdtaca de Constantino Cavafis refleja lo que es para nosotros nuestra filosof\u00eda de vida y de trabajo. Disfruta de tu viaje. Grupo Terra de Mar Cuando emprendas tu viaje a Itaca pide que el camino sea largo, lleno de aventuras, lleno de experiencias. No temas a los lestrigones [&hellip;]<\/p>\n","protected":false},"author":1,"featured_media":0,"parent":0,"menu_order":80,"comment_status":"closed","ping_status":"closed","template":"elementor_header_footer","meta":{"footnotes":""},"class_list":["post-1588","page","type-page","status-publish","hentry"],"_links":{"self":[{"href":"https:\/\/grupoterrademar.com\/de\/wp-json\/wp\/v2\/pages\/1588","targetHints":{"allow":["GET"]}}],"collection":[{"href":"https:\/\/grupoterrademar.com\/de\/wp-json\/wp\/v2\/pages"}],"about":[{"href":"https:\/\/grupoterrademar.com\/de\/wp-json\/wp\/v2\/types\/page"}],"author":[{"embeddable":true,"href":"https:\/\/grupoterrademar.com\/de\/wp-json\/wp\/v2\/users\/1"}],"replies":[{"embeddable":true,"href":"https:\/\/grupoterrademar.com\/de\/wp-json\/wp\/v2\/comments?post=1588"}],"version-history":[{"count":191,"href":"https:\/\/grupoterrademar.com\/de\/wp-json\/wp\/v2\/pages\/1588\/revisions"}],"predecessor-version":[{"id":10088,"href":"https:\/\/grupoterrademar.com\/de\/wp-json\/wp\/v2\/pages\/1588\/revisions\/10088"}],"wp:attachment":[{"href":"https:\/\/grupoterrademar.com\/de\/wp-json\/wp\/v2\/media?parent=1588"}],"curies":[{"name":"wp","href":"https:\/\/api.w.org\/{rel}","templated":true}]}}